{"id":6267,"date":"2024-06-18T10:43:32","date_gmt":"2024-06-18T08:43:32","guid":{"rendered":"https:\/\/lafermette.novatris.be\/?page_id=6267"},"modified":"2024-06-25T20:42:25","modified_gmt":"2024-06-25T18:42:25","slug":"pratique-accueil-avant-apres-la-classe","status":"publish","type":"page","link":"https:\/\/www.ecolelafermette.be\/?page_id=6267","title":{"rendered":"Pratique &#8211; Accueil avant \/ apr\u00e8s la classe"},"content":{"rendered":"\t\t<div data-elementor-type=\"wp-page\" data-elementor-id=\"6267\" class=\"elementor elementor-6267\">\n\t\t\t\t<div class=\"elementor-element elementor-element-d6655a6 e-flex e-con-boxed e-con e-parent\" data-id=\"d6655a6\" data-element_type=\"container\">\n\t\t\t\t\t<div class=\"e-con-inner\">\n\t\t\t\t<div class=\"elementor-element elementor-element-d9bce11 elementor-widget elementor-widget-heading\" data-id=\"d9bce11\" data-element_type=\"widget\" data-widget_type=\"heading.default\">\n\t\t\t\t<div class=\"elementor-widget-container\">\n\t\t\t\t\t<h2 class=\"elementor-heading-title elementor-size-default\">Accueil avant\/apr\u00e8s la classe<br><\/h2>\t\t\t\t<\/div>\n\t\t\t\t<\/div>\n\t\t\t\t\t<\/div>\n\t\t\t\t<\/div>\n\t\t<div class=\"elementor-element elementor-element-d0946bd e-flex e-con-boxed e-con e-parent\" data-id=\"d0946bd\" data-element_type=\"container\">\n\t\t\t\t\t<div class=\"e-con-inner\">\n\t\t\t\t<div class=\"elementor-element elementor-element-38673e1 elementor-widget elementor-widget-text-editor\" data-id=\"38673e1\" data-element_type=\"widget\" data-widget_type=\"text-editor.default\">\n\t\t\t\t<div class=\"elementor-widget-container\">\n\t\t\t\t\t\t\t\t\t<p><u>Avant 8h15<\/u><\/p><p>L\u2019\u00e9cole accueille les \u00e9l\u00e8ves <strong>le matin<\/strong> \u00e0 partir de 7h30\u2019.<\/p><p>Les enfants qui arrivent \u00e0 l\u2019\u00e9cole avant 8h15\u2019 doivent se pr\u00e9senter aupr\u00e8s de la surveillante dans le r\u00e9fectoire.<\/p><p>Tout \u00e9l\u00e8ve pr\u00e9sent entre 7h30\u2019 et 8h15\u2019 devra payer la somme de 1,00 \u20ac.<\/p><p>L\u2019\u00e9cole d\u00e9cline toute responsabilit\u00e9 en cas d\u2019accident dans la cour de La Fermette avant 8h15, moment de l\u2019ouverture de la grille principale.<\/p><p><u>Apr\u00e8s 16h<\/u><\/p><p>La surveillance du soir est <strong><u>uniquement destin\u00e9e aux enfants dont les deux parents travaillent<\/u><\/strong>. Les autres enfants sont pri\u00e9s de rejoindre leur domicile et ne restent en aucun cas \u201cjouer\u201d \u00e0 l\u2019\u00e9cole.<\/p><p>&#8211; <strong><u>Une \u00e9tude pour les \u00e9l\u00e8ves qui y sont inscrits r\u00e9guli\u00e8rement<\/u><\/strong> est organis\u00e9e pour la section primaire de 16h \u00e0 16h45\u2019 et en diff\u00e9rents\u00a0 groupes\u00a0en fonction de l\u2019\u00e2ge. (facturation mensuelle par l\u2019Asbl Educ|sport)<\/p><p>&#8211; <strong><u>Une garderie est assur\u00e9e pour les enfants de l\u2019\u00e9cole maternelle et apr\u00e8s <\/u><\/strong><strong><u>l\u2019\u00e9tude. <\/u><\/strong><\/p><p>\u00a0 Pour la garderie de 16h \u00e0 17h\u00a0: 2,00 \u20ac<\/p><p>\u00a0 Pour la garderie de 17h \u00e0 18h ou apr\u00e8s l\u2019\u00e9tude\u00a0: 2,00 \u20ac<\/p><p>L\u2019\u00e9cole assure la surveillance des enfants <strong><u>jusqu\u2019\u00e0 18h au plus tard<\/u><\/strong>.<\/p><p><strong><u>Merci de respecter ces horaires.<\/u><\/strong><\/p><p><strong>Pour tout retard au-del\u00e0 de 18h, 5,00 \u20ac par enfant vous seront r\u00e9clam\u00e9s par quart d\u2019heure entam\u00e9.<\/strong><\/p><p>En cas d\u2019urgence, merci de pr\u00e9venir la surveillante au <strong>0472 82 02 02<\/strong><\/p><p><u>Le mercredi apr\u00e8s-midi<\/u><\/p><p>Les enfants sont sous la surveillance des surveillantes \u2013 \u00e9ducatrices de 12h30 \u00e0 18h au plus tard. Les repas chauds ne sont pas pr\u00e9vus. Tout \u00e9l\u00e8ve pr\u00e9sent pour le repas et\/ou pour la surveillance devra payer la somme de 3,00 \u20ac jusqu\u2019\u00e0 15h et de 5,00 \u20ac pour ceux qui restent apr\u00e8s 15h.<\/p><p><u>Garderie lors de certains jours de cong\u00e9 et de conf\u00e9rences p\u00e9dagogiques<\/u><\/p><p>Lors des ces journ\u00e9es, une garderie payante (10,00 \u20ac pour le 1<sup>er<\/sup> enfant, 8,00 \u20ac pour le(s) suivant(s)) a lieu \u00e0 l\u2019\u00e9cole.<\/p><p>Ces garderies de 7h30 \u00e0 18 heures sont destin\u00e9es aux parents qui travaillent et qui ne voient d\u2019autres possibilit\u00e9s de faire garder leur enfant, ceci moyennant inscription pr\u00e9alable.<\/p><p>Ces garderies vous seront \u00e9galement factur\u00e9es fin du mois.<\/p><p>Il ne sera pas possible de d\u00e9poser ou de venir chercher votre enfant entre 9h et midi, ni entre 13h30\u2019 et 16h afin que l\u2019\u00e9ducatrice &#8211; surveillante puisse valablement organiser des activit\u00e9s. Il faut pr\u00e9voir le pique-nique.<\/p><p>Lors des vacances de P\u00e2ques et des grandes vacances, l\u2019ASBL TOBOGGAN \u00a0organise des plaines de jeux dans les locaux de notre \u00e9cole. (02.731.11.96)<\/p>\t\t\t\t\t\t\t\t<\/div>\n\t\t\t\t<\/div>\n\t\t\t\t\t<\/div>\n\t\t\t\t<\/div>\n\t\t<div class=\"elementor-element elementor-element-da46f2f e-con-full e-flex e-con e-parent\" data-id=\"da46f2f\" data-element_type=\"container\">\n\t\t\t\t<div class=\"elementor-element elementor-element-76322e6 elementor-widget elementor-widget-text-editor\" data-id=\"76322e6\" data-element_type=\"widget\" data-widget_type=\"text-editor.default\">\n\t\t\t\t<div class=\"elementor-widget-container\">\n\t\t\t\t\t\t\t\t\t<p><strong>Il n\u2019y aura pas de garderie<\/strong> : \u00e0 compl\u00e9ter<\/p><p>*\u00a0<\/p>\t\t\t\t\t\t\t\t<\/div>\n\t\t\t\t<\/div>\n\t\t\t\t<\/div>\n\t\t<div class=\"elementor-element elementor-element-c4881c2 e-flex e-con-boxed e-con e-parent\" data-id=\"c4881c2\" data-element_type=\"container\">\n\t\t\t\t\t<div class=\"e-con-inner\">\n\t\t\t\t\t<\/div>\n\t\t\t\t<\/div>\n\t\t\t\t<\/div>\n\t\t","protected":false},"excerpt":{"rendered":"<p>Accueil avant\/apr\u00e8s la classe Avant 8h15 L\u2019\u00e9cole accueille les \u00e9l\u00e8ves le matin \u00e0 partir de 7h30\u2019. Les enfants qui arrivent &hellip; <\/p>\n","protected":false},"author":1,"featured_media":0,"parent":0,"menu_order":0,"comment_status":"closed","ping_status":"closed","template":"elementor_header_footer","meta":{"footnotes":""},"class_list":["post-6267","page","type-page","status-publish","hentry","latest_post"],"_links":{"self":[{"href":"https:\/\/www.ecolelafermette.be\/index.php?rest_route=\/wp\/v2\/pages\/6267","targetHints":{"allow":["GET"]}}],"collection":[{"href":"https:\/\/www.ecolelafermette.be\/index.php?rest_route=\/wp\/v2\/pages"}],"about":[{"href":"https:\/\/www.ecolelafermette.be\/index.php?rest_route=\/wp\/v2\/types\/page"}],"author":[{"embeddable":true,"href":"https:\/\/www.ecolelafermette.be\/index.php?rest_route=\/wp\/v2\/users\/1"}],"replies":[{"embeddable":true,"href":"https:\/\/www.ecolelafermette.be\/index.php?rest_route=%2Fwp%2Fv2%2Fcomments&post=6267"}],"version-history":[{"count":19,"href":"https:\/\/www.ecolelafermette.be\/index.php?rest_route=\/wp\/v2\/pages\/6267\/revisions"}],"predecessor-version":[{"id":6610,"href":"https:\/\/www.ecolelafermette.be\/index.php?rest_route=\/wp\/v2\/pages\/6267\/revisions\/6610"}],"wp:attachment":[{"href":"https:\/\/www.ecolelafermette.be\/index.php?rest_route=%2Fwp%2Fv2%2Fmedia&parent=6267"}],"curies":[{"name":"wp","href":"https:\/\/api.w.org\/{rel}","templated":true}]}}