{"id":6119,"date":"2024-05-28T11:27:31","date_gmt":"2024-05-28T09:27:31","guid":{"rendered":"https:\/\/lafermette.novatris.be\/?page_id=6119"},"modified":"2024-05-28T11:28:42","modified_gmt":"2024-05-28T09:28:42","slug":"equipes-structure-de-lecole","status":"publish","type":"page","link":"https:\/\/www.ecolelafermette.be\/?page_id=6119","title":{"rendered":"Equipes &#8211; Structure de l&rsquo;\u00e9cole"},"content":{"rendered":"\t\t<div data-elementor-type=\"wp-page\" data-elementor-id=\"6119\" class=\"elementor elementor-6119\">\n\t\t\t\t<div class=\"elementor-element elementor-element-5d23616 e-flex e-con-boxed e-con e-parent\" data-id=\"5d23616\" data-element_type=\"container\">\n\t\t\t\t\t<div class=\"e-con-inner\">\n\t\t\t\t<div class=\"elementor-element elementor-element-5784be1 elementor-widget elementor-widget-heading\" data-id=\"5784be1\" data-element_type=\"widget\" data-widget_type=\"heading.default\">\n\t\t\t\t<div class=\"elementor-widget-container\">\n\t\t\t\t\t<h2 class=\"elementor-heading-title elementor-size-default\">Structure de l'\u00e9cole<\/h2>\t\t\t\t<\/div>\n\t\t\t\t<\/div>\n\t\t\t\t\t<\/div>\n\t\t\t\t<\/div>\n\t\t<div class=\"elementor-element elementor-element-ddccec6 e-flex e-con-boxed e-con e-parent\" data-id=\"ddccec6\" data-element_type=\"container\">\n\t\t\t\t\t<div class=\"e-con-inner\">\n\t\t\t\t<div class=\"elementor-element elementor-element-f7aa3d2 elementor-widget elementor-widget-text-editor\" data-id=\"f7aa3d2\" data-element_type=\"widget\" data-widget_type=\"text-editor.default\">\n\t\t\t\t<div class=\"elementor-widget-container\">\n\t\t\t\t\t\t\t\t\t<p>Le Pouvoir Organisateur et la direction d\u00e9terminent de mani\u00e8re autonome la r\u00e9partition des groupes.<br><span style=\"text-align: var(--text-align);\">Les enfants de maternelle sont r\u00e9partis en groupes d\u2019\u00e2ge.<\/span><\/p>\n<p><\/p>\n<p>Lors d\u2019une augmentation du nombre d\u2019\u00e9l\u00e8ves au cours de l\u2019ann\u00e9e scolaire, les enfants peuvent \u00eatre r\u00e9partis dans un autre groupe. Cette nouvelle r\u00e9partition pourrait se faire apr\u00e8s chaque p\u00e9riode de cong\u00e9.<\/p>\n<p><\/p>\n<p>Les enfants du primaire sont \u00e9galement r\u00e9partis en groupes d\u2019\u00e2ge.<br><span style=\"text-align: var(--text-align);\">Pour des activit\u00e9s pr\u00e9cises, les \u00e9l\u00e8ves peuvent \u00eatre r\u00e9partis en d\u2019autres groupes (ateliers).<\/span><\/p>\n<p><\/p>\n<p>Il est coutume de rem\u00e9langer les groupes en fin de classe d\u2019accueil, de 3\u00e8 maternelle et de 1\u00e8 primaire.<\/p>\n<p><\/p>\n<p>La r\u00e9partition des groupes se fait afin de maintenir une homog\u00e9n\u00e9it\u00e9 dans les classes.<br><span style=\"text-align: var(--text-align);\">Un remaniement des groupes peut se faire \u00e0 tout moment et si n\u00e9cessaire, par le conseil de classe.<\/span><\/p><p><br><\/p>\t\t\t\t\t\t\t\t<\/div>\n\t\t\t\t<\/div>\n\t\t\t\t\t<\/div>\n\t\t\t\t<\/div>\n\t\t\t\t<\/div>\n\t\t","protected":false},"excerpt":{"rendered":"<p>Structure de l&rsquo;\u00e9cole Le Pouvoir Organisateur et la direction d\u00e9terminent de mani\u00e8re autonome la r\u00e9partition des groupes.Les enfants de maternelle &hellip; <\/p>\n","protected":false},"author":1,"featured_media":0,"parent":0,"menu_order":0,"comment_status":"closed","ping_status":"closed","template":"elementor_header_footer","meta":{"footnotes":""},"class_list":["post-6119","page","type-page","status-publish","hentry","latest_post"],"_links":{"self":[{"href":"https:\/\/www.ecolelafermette.be\/index.php?rest_route=\/wp\/v2\/pages\/6119","targetHints":{"allow":["GET"]}}],"collection":[{"href":"https:\/\/www.ecolelafermette.be\/index.php?rest_route=\/wp\/v2\/pages"}],"about":[{"href":"https:\/\/www.ecolelafermette.be\/index.php?rest_route=\/wp\/v2\/types\/page"}],"author":[{"embeddable":true,"href":"https:\/\/www.ecolelafermette.be\/index.php?rest_route=\/wp\/v2\/users\/1"}],"replies":[{"embeddable":true,"href":"https:\/\/www.ecolelafermette.be\/index.php?rest_route=%2Fwp%2Fv2%2Fcomments&post=6119"}],"version-history":[{"count":4,"href":"https:\/\/www.ecolelafermette.be\/index.php?rest_route=\/wp\/v2\/pages\/6119\/revisions"}],"predecessor-version":[{"id":6123,"href":"https:\/\/www.ecolelafermette.be\/index.php?rest_route=\/wp\/v2\/pages\/6119\/revisions\/6123"}],"wp:attachment":[{"href":"https:\/\/www.ecolelafermette.be\/index.php?rest_route=%2Fwp%2Fv2%2Fmedia&parent=6119"}],"curies":[{"name":"wp","href":"https:\/\/api.w.org\/{rel}","templated":true}]}}