{"id":6110,"date":"2024-05-28T11:21:06","date_gmt":"2024-05-28T09:21:06","guid":{"rendered":"https:\/\/lafermette.novatris.be\/?page_id=6110"},"modified":"2024-07-08T21:58:21","modified_gmt":"2024-07-08T19:58:21","slug":"conseil-de-classe","status":"publish","type":"page","link":"https:\/\/www.ecolelafermette.be\/?page_id=6110","title":{"rendered":"Equipes &#8211; Conseil de classe"},"content":{"rendered":"\t\t<div data-elementor-type=\"wp-page\" data-elementor-id=\"6110\" class=\"elementor elementor-6110\">\n\t\t\t\t<div class=\"elementor-element elementor-element-c101e6f e-flex e-con-boxed e-con e-parent\" data-id=\"c101e6f\" data-element_type=\"container\">\n\t\t\t\t\t<div class=\"e-con-inner\">\n\t\t\t\t<div class=\"elementor-element elementor-element-d2919b3 elementor-widget elementor-widget-heading\" data-id=\"d2919b3\" data-element_type=\"widget\" data-widget_type=\"heading.default\">\n\t\t\t\t<div class=\"elementor-widget-container\">\n\t\t\t\t\t<h2 class=\"elementor-heading-title elementor-size-default\">Conseil de Classe<\/h2>\t\t\t\t<\/div>\n\t\t\t\t<\/div>\n\t\t\t\t\t<\/div>\n\t\t\t\t<\/div>\n\t\t<div class=\"elementor-element elementor-element-15a1946 e-flex e-con-boxed e-con e-parent\" data-id=\"15a1946\" data-element_type=\"container\">\n\t\t\t\t\t<div class=\"e-con-inner\">\n\t\t\t\t<div class=\"elementor-element elementor-element-b7107aa elementor-widget elementor-widget-text-editor\" data-id=\"b7107aa\" data-element_type=\"widget\" data-widget_type=\"text-editor.default\">\n\t\t\t\t<div class=\"elementor-widget-container\">\n\t\t\t\t\t\t\t\t\t<p>Le Conseil de Classe se compose d\u2019un groupe d\u2019enseignants de l\u2019\u00e9cole, d\u2019\u00e9ventuels repr\u00e9sentants du PMS et\/ou \u00e9quipe \u00ab&nbsp;rem\u00e9diation&nbsp;\u00bb et de la direction.<\/p>\n<p>Il a pour but&nbsp;:<\/p>\n<ul>\n<li>de statuer le passage ou le redoublement \u00e9ventuel des \u00e9l\u00e8ves<\/li>\n<li>de prendre d\u2019\u00e9ventuelles d\u00e9cisions disciplinaires au sujet des \u00e9l\u00e8ves;<\/li>\n<li>de donner un avis consultatif sur le maintien d\u2019un enfant en 3\u00e8me maternelle, le passage pr\u00e9coce d\u2019un \u00e9l\u00e8ve en 1\u00e8re primaire ou l\u2019octroi d\u2019une 8\u00e8me ann\u00e9e dans l\u2019enseignement primaire.<a name=\"_Toc232473218\"><\/a><\/li>\n<li>de discuter des modalit\u00e9s d\u2019encadrement pour les \u00e9l\u00e8ves ayant un handicap ou en difficult\u00e9 scolaire<\/li>\n<\/ul>\n<p>A ce sujet, l\u2019\u00e9cole veille \u00e0 encadrer au mieux les \u00e9l\u00e8ves en difficult\u00e9. Le personnel de l\u2019\u00e9cole comprend les difficult\u00e9s propres \u00e0 un enfant et s\u2019y adapte dans la mesure du possible. Cette adaptation n\u2019est possible que lorsque tous les acteurs contribuant au bon d\u00e9veloppement de l\u2019enfant (parents, \u00e9cole, externes) collaborent, se concertent et communiquent.<\/p>\n<p><u>Moyens utilis\u00e9s<\/u>:<\/p>\n<ul>\n<li>La rem\u00e9diation: la plupart des enseignants ont, dans leurs attributions, des heures consacr\u00e9es \u00e0 de la rem\u00e9diation. Cette rem\u00e9diation a pour but de remettre \u00e0 niveau un enfant ou un groupe d\u2019enfants n\u2019ayant pas acquis certaines mati\u00e8res. \u00c9galement, travail par contrat, fichier, individualisation, diff\u00e9renciation, \u2026<\/li>\n<li>L\u2019\u00e9quipe \u201crem\u00e9diation\u201d: certains enseignants sont d\u00e9tach\u00e9s de leur classe afin d\u2019assurer le suivi des \u00e9l\u00e8ves, de tenir \u00e0 jour leur dossier (observations, r\u00e9sultats, \u2026) et de faire le tremplin entre l\u2019\u00e9cole, les parents et toutes les aides externes (logop\u00e8des, psychologues, PMS \u2026) qui interviennent dans le d\u00e9veloppement de l\u2019enfant.<\/li>\n<li>Dans la mesure des possibilit\u00e9s de l\u2019\u00e9cole, et sur base d\u2019un avis m\u00e9dical d\u2019un sp\u00e9cialiste, des am\u00e9nagements <strong>raisonnables<\/strong> pourront \u00eatre mis en place \u00e0 la suite d\u2019une r\u00e9union regroupant&nbsp;les parents, les enseignants concern\u00e9s et la direction.<\/li>\n<li>Lors de cette r\u00e9union, un \u00ab&nbsp;contrat&nbsp;\u00bb sera propos\u00e9 et mis en place s\u2019il est sign\u00e9 par toutes les parties.<\/li>\n<li>Au premier cycle, il sera bas\u00e9 sur les observations des professeurs en classe (et les \u00e9ventuels tests pass\u00e9s par les \u00e9l\u00e8ves)<\/li>\n<li>Au cycle 2, il sera bas\u00e9 sur les observations du professeur, des tests pass\u00e9s par les \u00e9l\u00e8ves (m\u00eame s\u2019il n\u2019y a pas encore de bilan attestant d\u2019un trouble.)<\/li>\n<li>Au cycles 3, il sera bas\u00e9 sur les recommandations du sp\u00e9cialiste qui suit l\u2019\u00e9l\u00e8ve et qui lui a fait passer le bilan attestant le trouble.<\/li>\n<li>Les contrats sont diff\u00e9rents d\u2019un cycle \u00e0 l\u2019autre mais chacun reprend&nbsp;:ce \u00e0 quoi s\u2019engage l\u2019\u00e9cole, ce \u00e0 quoi s\u2019engagent les parents et ce \u00e0 quoi s\u2019engage l\u2019\u00e9l\u00e8ve ( cycles 2 et 3)&nbsp;.<\/li>\n<li>De mani\u00e8re g\u00e9n\u00e9rale, les am\u00e9nagements mis en place pendant l\u2019ann\u00e9e scolaire sont les m\u00eames aux \u00e9valuations (1\/3 temps suppl\u00e9mentaire, \u2026) . D\u2019autre part, ces am\u00e9nagements ne peuvent pas emp\u00eacher l\u2019enseignant de g\u00e9rer l\u2019ensemble des \u00e9l\u00e8ves de sa classe de fa\u00e7on \u00e9quilibr\u00e9e&nbsp;: pour un accompagnement (quasi) individualis\u00e9, l\u2019enfant devra \u00eatre scolaris\u00e9 dans un autre type d\u2019enseignement.<br><br><\/li>\n<\/ul>\t\t\t\t\t\t\t\t<\/div>\n\t\t\t\t<\/div>\n\t\t\t\t\t<\/div>\n\t\t\t\t<\/div>\n\t\t\t\t<\/div>\n\t\t","protected":false},"excerpt":{"rendered":"<p>Conseil de Classe Le Conseil de Classe se compose d\u2019un groupe d\u2019enseignants de l\u2019\u00e9cole, d\u2019\u00e9ventuels repr\u00e9sentants du PMS et\/ou \u00e9quipe &hellip; <\/p>\n","protected":false},"author":1,"featured_media":0,"parent":0,"menu_order":0,"comment_status":"closed","ping_status":"closed","template":"elementor_header_footer","meta":{"footnotes":""},"class_list":["post-6110","page","type-page","status-publish","hentry","latest_post"],"_links":{"self":[{"href":"https:\/\/www.ecolelafermette.be\/index.php?rest_route=\/wp\/v2\/pages\/6110","targetHints":{"allow":["GET"]}}],"collection":[{"href":"https:\/\/www.ecolelafermette.be\/index.php?rest_route=\/wp\/v2\/pages"}],"about":[{"href":"https:\/\/www.ecolelafermette.be\/index.php?rest_route=\/wp\/v2\/types\/page"}],"author":[{"embeddable":true,"href":"https:\/\/www.ecolelafermette.be\/index.php?rest_route=\/wp\/v2\/users\/1"}],"replies":[{"embeddable":true,"href":"https:\/\/www.ecolelafermette.be\/index.php?rest_route=%2Fwp%2Fv2%2Fcomments&post=6110"}],"version-history":[{"count":8,"href":"https:\/\/www.ecolelafermette.be\/index.php?rest_route=\/wp\/v2\/pages\/6110\/revisions"}],"predecessor-version":[{"id":6818,"href":"https:\/\/www.ecolelafermette.be\/index.php?rest_route=\/wp\/v2\/pages\/6110\/revisions\/6818"}],"wp:attachment":[{"href":"https:\/\/www.ecolelafermette.be\/index.php?rest_route=%2Fwp%2Fv2%2Fmedia&parent=6110"}],"curies":[{"name":"wp","href":"https:\/\/api.w.org\/{rel}","templated":true}]}}