{"id":6105,"date":"2024-05-28T11:17:55","date_gmt":"2024-05-28T09:17:55","guid":{"rendered":"https:\/\/lafermette.novatris.be\/?page_id=6105"},"modified":"2024-05-28T11:19:36","modified_gmt":"2024-05-28T09:19:36","slug":"equipes-conseil-decole","status":"publish","type":"page","link":"https:\/\/www.ecolelafermette.be\/?page_id=6105","title":{"rendered":"Equipes &#8211; Conseil d&rsquo;\u00e9cole"},"content":{"rendered":"\t\t<div data-elementor-type=\"wp-page\" data-elementor-id=\"6105\" class=\"elementor elementor-6105\">\n\t\t\t\t<div class=\"elementor-element elementor-element-9bdd30f e-flex e-con-boxed e-con e-parent\" data-id=\"9bdd30f\" data-element_type=\"container\">\n\t\t\t\t\t<div class=\"e-con-inner\">\n\t\t\t\t<div class=\"elementor-element elementor-element-c477f66 elementor-widget elementor-widget-heading\" data-id=\"c477f66\" data-element_type=\"widget\" data-widget_type=\"heading.default\">\n\t\t\t\t<div class=\"elementor-widget-container\">\n\t\t\t\t\t<h2 class=\"elementor-heading-title elementor-size-default\">Le Conseil d'\u00e9cole<\/h2>\t\t\t\t<\/div>\n\t\t\t\t<\/div>\n\t\t\t\t\t<\/div>\n\t\t\t\t<\/div>\n\t\t<div class=\"elementor-element elementor-element-64f02f8 e-flex e-con-boxed e-con e-parent\" data-id=\"64f02f8\" data-element_type=\"container\">\n\t\t\t\t\t<div class=\"e-con-inner\">\n\t\t\t\t<div class=\"elementor-element elementor-element-dbe649b elementor-widget elementor-widget-text-editor\" data-id=\"dbe649b\" data-element_type=\"widget\" data-widget_type=\"text-editor.default\">\n\t\t\t\t<div class=\"elementor-widget-container\">\n\t\t\t\t\t\t\t\t\t<p>Le Conseil d\u2019Ecole a pour but de renforcer les liens entre la famille et l\u2019\u00e9cole, d\u2019y promouvoir une participation constructive des parents.<\/p>\n<p>Par votre engagement et par votre int\u00e9r\u00eat pour ce que vivent les enfants \u00e0 l\u2019\u00e9cole, vous contribuez en effet tr\u00e8s directement \u00e0 leur bien-\u00eatre et donc \u00e0 leur formation de citoyen.<\/p>\n<p>Le Conseil d\u2019Ecole se compose de 3 repr\u00e9sentants de l\u2019\u00e9quipe enseignante, de 3 repr\u00e9sentants des parents, et \u00e0 titre de consultants, l\u2019Echevin de l\u2019Instruction publique et la direction de l\u2019\u00e9cole.<\/p>\n<p>Le Conseil d\u2019Ecole se r\u00e9unit pour d\u00e9battre, \u00e9changer des id\u00e9es par rapport au projet d\u2019\u00e9tablissement et mettre des choses en place pour am\u00e9liorer la qualit\u00e9 de vie de nos enfants au sein de l\u2019\u00e9cole.<\/p>\n<p>Il \u00e9met un avis, transmis au Pouvoir Organisateur, qui a la facult\u00e9 de le suivre ou non.<\/p>\n<p>Composition du Conseil d\u2019\u00e9cole&nbsp;:&nbsp;&nbsp; xxxxxxxxxx<\/p><p><br><\/p>\t\t\t\t\t\t\t\t<\/div>\n\t\t\t\t<\/div>\n\t\t\t\t\t<\/div>\n\t\t\t\t<\/div>\n\t\t\t\t<\/div>\n\t\t","protected":false},"excerpt":{"rendered":"<p>Le Conseil d&rsquo;\u00e9cole Le Conseil d\u2019Ecole a pour but de renforcer les liens entre la famille et l\u2019\u00e9cole, d\u2019y promouvoir &hellip; <\/p>\n","protected":false},"author":1,"featured_media":0,"parent":0,"menu_order":0,"comment_status":"closed","ping_status":"closed","template":"elementor_header_footer","meta":{"footnotes":""},"class_list":["post-6105","page","type-page","status-publish","hentry","latest_post"],"_links":{"self":[{"href":"https:\/\/www.ecolelafermette.be\/index.php?rest_route=\/wp\/v2\/pages\/6105","targetHints":{"allow":["GET"]}}],"collection":[{"href":"https:\/\/www.ecolelafermette.be\/index.php?rest_route=\/wp\/v2\/pages"}],"about":[{"href":"https:\/\/www.ecolelafermette.be\/index.php?rest_route=\/wp\/v2\/types\/page"}],"author":[{"embeddable":true,"href":"https:\/\/www.ecolelafermette.be\/index.php?rest_route=\/wp\/v2\/users\/1"}],"replies":[{"embeddable":true,"href":"https:\/\/www.ecolelafermette.be\/index.php?rest_route=%2Fwp%2Fv2%2Fcomments&post=6105"}],"version-history":[{"count":4,"href":"https:\/\/www.ecolelafermette.be\/index.php?rest_route=\/wp\/v2\/pages\/6105\/revisions"}],"predecessor-version":[{"id":6109,"href":"https:\/\/www.ecolelafermette.be\/index.php?rest_route=\/wp\/v2\/pages\/6105\/revisions\/6109"}],"wp:attachment":[{"href":"https:\/\/www.ecolelafermette.be\/index.php?rest_route=%2Fwp%2Fv2%2Fmedia&parent=6105"}],"curies":[{"name":"wp","href":"https:\/\/api.w.org\/{rel}","templated":true}]}}