{"id":6070,"date":"2024-05-28T10:39:16","date_gmt":"2024-05-28T08:39:16","guid":{"rendered":"https:\/\/lafermette.novatris.be\/?page_id=6070"},"modified":"2024-05-28T11:05:30","modified_gmt":"2024-05-28T09:05:30","slug":"equipes-communaute-scolaire","status":"publish","type":"page","link":"https:\/\/www.ecolelafermette.be\/?page_id=6070","title":{"rendered":"Equipes &#8211; Communaut\u00e9 scolaire"},"content":{"rendered":"\t\t<div data-elementor-type=\"wp-page\" data-elementor-id=\"6070\" class=\"elementor elementor-6070\">\n\t\t\t\t<div class=\"elementor-element elementor-element-c3ef343 e-flex e-con-boxed e-con e-parent\" data-id=\"c3ef343\" data-element_type=\"container\">\n\t\t\t\t\t<div class=\"e-con-inner\">\n\t\t\t\t<div class=\"elementor-element elementor-element-f4b8541 elementor-widget elementor-widget-heading\" data-id=\"f4b8541\" data-element_type=\"widget\" data-widget_type=\"heading.default\">\n\t\t\t\t<div class=\"elementor-widget-container\">\n\t\t\t\t\t<h2 class=\"elementor-heading-title elementor-size-default\">Communaut\u00e9 scolaire<\/h2>\t\t\t\t<\/div>\n\t\t\t\t<\/div>\n\t\t\t\t\t<\/div>\n\t\t\t\t<\/div>\n\t\t<div class=\"elementor-element elementor-element-2ad06bf e-flex e-con-boxed e-con e-parent\" data-id=\"2ad06bf\" data-element_type=\"container\">\n\t\t\t\t\t<div class=\"e-con-inner\">\n\t\t\t\t<div class=\"elementor-element elementor-element-34f3047 elementor-widget elementor-widget-text-editor\" data-id=\"34f3047\" data-element_type=\"widget\" data-widget_type=\"text-editor.default\">\n\t\t\t\t<div class=\"elementor-widget-container\">\n\t\t\t\t\t\t\t\t\t<p>Notre \u00e9cole fait partie de la communaut\u00e9 scolaire \u201cRand-FR\u201d ( Vlaamse Gemeenschap) se composant des \u00e9coles communales fondamentales de Drogenbos, Rhode-Saint-Gen\u00e8se, Linkebeek, Kraainem, Wezembeek-Oppem et Wemmel.<\/p><p>Le si\u00e8ge administratif et l\u2019adresse de contact sont :<\/p><p>\u00a0<\/p>\t\t\t\t\t\t\t\t<\/div>\n\t\t\t\t<\/div>\n\t\t\t\t\t<\/div>\n\t\t\t\t<\/div>\n\t\t<div class=\"elementor-element elementor-element-6519da9 e-con-full e-flex e-con e-parent\" data-id=\"6519da9\" data-element_type=\"container\">\n\t\t\t\t<div class=\"elementor-element elementor-element-8649b2e elementor-widget elementor-widget-text-editor\" data-id=\"8649b2e\" data-element_type=\"widget\" data-widget_type=\"text-editor.default\">\n\t\t\t\t<div class=\"elementor-widget-container\">\n\t\t\t\t\t\t\t\t\t<p>Centre scolaire Rand-FR<br \/><span style=\"text-align: var(--text-align);\">Administration communale de Linkebeek<br \/><\/span><span style=\"text-align: var(--text-align);\">Place communale, 2<br \/><\/span><span style=\"text-align: var(--text-align);\">1630 Linkebeek<\/span><span style=\"text-align: var(--text-align);\"><br \/><\/span><\/p>\t\t\t\t\t\t\t\t<\/div>\n\t\t\t\t<\/div>\n\t\t\t\t<\/div>\n\t\t<div class=\"elementor-element elementor-element-601c82d e-flex e-con-boxed e-con e-parent\" data-id=\"601c82d\" data-element_type=\"container\">\n\t\t\t\t\t<div class=\"e-con-inner\">\n\t\t\t\t<div class=\"elementor-element elementor-element-9ae4e51 elementor-widget elementor-widget-text-editor\" data-id=\"9ae4e51\" data-element_type=\"widget\" data-widget_type=\"text-editor.default\">\n\t\t\t\t<div class=\"elementor-widget-container\">\n\t\t\t\t\t\t\t\t\t<p>\u00a0<\/p><p>Le comit\u00e9 de gestion de la communaut\u00e9 scolaire est compos\u00e9 des \u00e9chevins de l\u2019enseignement des 6 communes.<\/p><p>\u00a0<\/p>\t\t\t\t\t\t\t\t<\/div>\n\t\t\t\t<\/div>\n\t\t\t\t\t<\/div>\n\t\t\t\t<\/div>\n\t\t\t\t<\/div>\n\t\t","protected":false},"excerpt":{"rendered":"<p>Communaut\u00e9 scolaire Notre \u00e9cole fait partie de la communaut\u00e9 scolaire \u201cRand-FR\u201d ( Vlaamse Gemeenschap) se composant des \u00e9coles communales fondamentales &hellip; <\/p>\n","protected":false},"author":1,"featured_media":0,"parent":0,"menu_order":0,"comment_status":"closed","ping_status":"closed","template":"elementor_header_footer","meta":{"footnotes":""},"class_list":["post-6070","page","type-page","status-publish","hentry","latest_post"],"_links":{"self":[{"href":"https:\/\/www.ecolelafermette.be\/index.php?rest_route=\/wp\/v2\/pages\/6070","targetHints":{"allow":["GET"]}}],"collection":[{"href":"https:\/\/www.ecolelafermette.be\/index.php?rest_route=\/wp\/v2\/pages"}],"about":[{"href":"https:\/\/www.ecolelafermette.be\/index.php?rest_route=\/wp\/v2\/types\/page"}],"author":[{"embeddable":true,"href":"https:\/\/www.ecolelafermette.be\/index.php?rest_route=\/wp\/v2\/users\/1"}],"replies":[{"embeddable":true,"href":"https:\/\/www.ecolelafermette.be\/index.php?rest_route=%2Fwp%2Fv2%2Fcomments&post=6070"}],"version-history":[{"count":10,"href":"https:\/\/www.ecolelafermette.be\/index.php?rest_route=\/wp\/v2\/pages\/6070\/revisions"}],"predecessor-version":[{"id":6100,"href":"https:\/\/www.ecolelafermette.be\/index.php?rest_route=\/wp\/v2\/pages\/6070\/revisions\/6100"}],"wp:attachment":[{"href":"https:\/\/www.ecolelafermette.be\/index.php?rest_route=%2Fwp%2Fv2%2Fmedia&parent=6070"}],"curies":[{"name":"wp","href":"https:\/\/api.w.org\/{rel}","templated":true}]}}