{"id":6017,"date":"2024-05-27T09:58:04","date_gmt":"2024-05-27T07:58:04","guid":{"rendered":"https:\/\/lafermette.novatris.be\/?page_id=6017"},"modified":"2025-06-17T09:27:15","modified_gmt":"2025-06-17T07:27:15","slug":"elementor-6017","status":"publish","type":"page","link":"https:\/\/www.ecolelafermette.be\/?page_id=6017","title":{"rendered":"Pr\u00e9sentation &#8211; Projet d&rsquo;\u00e9tablissement"},"content":{"rendered":"\t\t<div data-elementor-type=\"wp-page\" data-elementor-id=\"6017\" class=\"elementor elementor-6017\">\n\t\t\t\t<div class=\"elementor-element elementor-element-cf24913 e-flex e-con-boxed e-con e-parent\" data-id=\"cf24913\" data-element_type=\"container\">\n\t\t\t\t\t<div class=\"e-con-inner\">\n\t\t\t\t<div class=\"elementor-element elementor-element-4180ff2 elementor-widget elementor-widget-heading\" data-id=\"4180ff2\" data-element_type=\"widget\" data-widget_type=\"heading.default\">\n\t\t\t\t<div class=\"elementor-widget-container\">\n\t\t\t\t\t<h2 class=\"elementor-heading-title elementor-size-default\">Notre projet d'\u00e9tablissement<\/h2>\t\t\t\t<\/div>\n\t\t\t\t<\/div>\n\t\t\t\t\t<\/div>\n\t\t\t\t<\/div>\n\t\t<div class=\"elementor-element elementor-element-c5062a9 e-con-full e-flex e-con e-parent\" data-id=\"c5062a9\" data-element_type=\"container\">\n\t\t<div class=\"elementor-element elementor-element-ae4df25 e-con-full e-flex e-con e-child\" data-id=\"ae4df25\" data-element_type=\"container\">\n\t\t\t\t<div class=\"elementor-element elementor-element-02e6a4d elementor-widget__width-initial elementor-widget elementor-widget-image\" data-id=\"02e6a4d\" data-element_type=\"widget\" data-widget_type=\"image.default\">\n\t\t\t\t<div class=\"elementor-widget-container\">\n\t\t\t\t\t\t\t\t\t\t\t\t\t\t\t<img fetchpriority=\"high\" decoding=\"async\" width=\"561\" height=\"561\" src=\"https:\/\/www.ecolelafermette.be\/wp-content\/uploads\/2024\/05\/logo468x468.jpg\" class=\"attachment-large size-large wp-image-6003\" alt=\"\" srcset=\"https:\/\/www.ecolelafermette.be\/wp-content\/uploads\/2024\/05\/logo468x468.jpg 561w, https:\/\/www.ecolelafermette.be\/wp-content\/uploads\/2024\/05\/logo468x468-300x300.jpg 300w, https:\/\/www.ecolelafermette.be\/wp-content\/uploads\/2024\/05\/logo468x468-150x150.jpg 150w, https:\/\/www.ecolelafermette.be\/wp-content\/uploads\/2024\/05\/logo468x468-355x355.jpg 355w, https:\/\/www.ecolelafermette.be\/wp-content\/uploads\/2024\/05\/logo468x468-370x370.jpg 370w, https:\/\/www.ecolelafermette.be\/wp-content\/uploads\/2024\/05\/logo468x468-170x170.jpg 170w, https:\/\/www.ecolelafermette.be\/wp-content\/uploads\/2024\/05\/logo468x468-246x246.jpg 246w, https:\/\/www.ecolelafermette.be\/wp-content\/uploads\/2024\/05\/logo468x468-275x275.jpg 275w, https:\/\/www.ecolelafermette.be\/wp-content\/uploads\/2024\/05\/logo468x468-70x70.jpg 70w, https:\/\/www.ecolelafermette.be\/wp-content\/uploads\/2024\/05\/logo468x468-276x276.jpg 276w, https:\/\/www.ecolelafermette.be\/wp-content\/uploads\/2024\/05\/logo468x468-125x125.jpg 125w, https:\/\/www.ecolelafermette.be\/wp-content\/uploads\/2024\/05\/logo468x468-211x211.jpg 211w\" sizes=\"(max-width: 561px) 100vw, 561px\" \/>\t\t\t\t\t\t\t\t\t\t\t\t\t\t\t<\/div>\n\t\t\t\t<\/div>\n\t\t\t\t<\/div>\n\t\t<div class=\"elementor-element elementor-element-57ac667 e-con-full e-flex e-con e-child\" data-id=\"57ac667\" data-element_type=\"container\">\n\t\t<div class=\"elementor-element elementor-element-8418f8f e-flex e-con-boxed e-con e-child\" data-id=\"8418f8f\" data-element_type=\"container\">\n\t\t\t\t\t<div class=\"e-con-inner\">\n\t\t\t\t<div class=\"elementor-element elementor-element-1dc5918 elementor-widget__width-initial elementor-widget elementor-widget-text-editor\" data-id=\"1dc5918\" data-element_type=\"widget\" data-widget_type=\"text-editor.default\">\n\t\t\t\t<div class=\"elementor-widget-container\">\n\t\t\t\t\t\t\t\t\t<h3>D\u2019o\u00f9 vient le nom de notre \u00e9cole\u00a0?<\/h3><p>A l\u2019origine, notre \u00e9cole occupait une ancienne petite ferme. Depuis septembre 1995, la Fermette a emm\u00e9nag\u00e9 dans des locaux plus modernes, spacieux et fonctionnels. N\u00e9anmoins, la Fermette garde son caract\u00e8re convivial et son attachement \u00e0 la nature.<\/p><p><strong>Pour une \u00e9cole de la r\u00e9ussite, amener chaque enfant le plus loin possible, selon ses capacit\u00e9s, avec le soutien des parents.<\/strong><\/p><p>L\u2019\u00e9cole a pour but d\u2019atteindre les objectifs du programme officiel du minist\u00e8re de la Communaut\u00e9 fran\u00e7aise (les nouveaux r\u00e9f\u00e9rentiels) permettant\u00a0:<\/p>\t\t\t\t\t\t\t\t<\/div>\n\t\t\t\t<\/div>\n\t\t\t\t\t<\/div>\n\t\t\t\t<\/div>\n\t\t\t\t<\/div>\n\t\t\t\t<\/div>\n\t\t<div class=\"elementor-element elementor-element-95c7e2e e-flex e-con-boxed e-con e-parent\" data-id=\"95c7e2e\" data-element_type=\"container\">\n\t\t\t\t\t<div class=\"e-con-inner\">\n\t\t\t\t<div class=\"elementor-element elementor-element-b208d30 elementor-widget elementor-widget-text-editor\" data-id=\"b208d30\" data-element_type=\"widget\" data-widget_type=\"text-editor.default\">\n\t\t\t\t<div class=\"elementor-widget-container\">\n\t\t\t\t\t\t\t\t\t<p>&#8211; la ma\u00eetrise de la langue fran\u00e7aise&nbsp;: lecture fonctionnelle et orient\u00e9e sur la vie, cours d\u2019orthographe, de grammaire et de conjugaison au service de l\u2019expression orale et \u00e9crite.<\/p>\n<p><span style=\"text-align: var(--text-align);\">&#8211;<\/span><span style=\"text-align: var(--text-align);\">&nbsp;<\/span>de construire et d\u2019utiliser les notions math\u00e9matiques afin de pouvoir r\u00e9soudre des probl\u00e8mes de la vie quotidienne (d\u00e9velopper l\u2019esprit logico-math\u00e9matique)<\/p>\n<p><span style=\"text-align: var(--text-align);\">&#8211;<\/span><span style=\"text-align: var(--text-align);\">&nbsp;<\/span>d\u2019observer, comprendre le monde qui nous entoure et d\u2019agir sur lui gr\u00e2ce aux activit\u00e9s scientifiques, \u00e0 l\u2019\u00e9ducation \u00e0 l\u2019environnement et \u00e0 la sant\u00e9, \u00e0 l\u2019\u00e9tude de l\u2019histoire et de la g\u00e9ographie, aux recherches (observations de la mare, au verger, nombreuses visites, classes de d\u00e9paysement\u2026)<\/p>\n<p><span style=\"text-align: var(--text-align);\">&#8211;<\/span><span style=\"text-align: var(--text-align);\">&nbsp;<\/span>d\u2019apprendre les bases de la seconde langue&nbsp;: le n\u00e9erlandais, d\u00e8s la 3\u00e8me primaire et bien plus t\u00f4t d\u00e9j\u00e0 sous forme de chants, petits jeux, \u2026ainsi que les cours de gym en NL pour toute l\u2019\u00e9cole primaire.<\/p>\n<p><span style=\"text-align: var(--text-align);\">&#8211;<\/span><span style=\"text-align: var(--text-align);\">&nbsp;<\/span>de s\u2019ouvrir aux diff\u00e9rentes valeurs philosophiques, spirituelles et morales.<\/p>\n<p><span style=\"text-align: var(--text-align);\">&#8211;<\/span><span style=\"text-align: var(--text-align);\">&nbsp;<\/span>de d\u00e9velopper des qualit\u00e9s artistiques, culturelles et sportives<br>(psychomotricit\u00e9, gymnastique, &nbsp;natation, yoga, ateliers musicaux, artistiques et culinaires, .\u2026<\/p>\n<p><span style=\"text-align: var(--text-align);\">&nbsp;<\/span><\/p>\n<p><span style=\"text-decoration: underline;\"><span style=\"text-align: var(--text-align);\">Pour atteindre ce but, l\u2019\u00e9cole :<\/span><\/span><\/p>\n<p><span style=\"text-align: var(--text-align);\">&#8211;<\/span><span style=\"text-align: var(--text-align);\">&nbsp;<\/span>respecte le rythme de chaque enfant, ses besoins et int\u00e9r\u00eats, ses comp\u00e9tences, son v\u00e9cu et sa diff\u00e9rence, dans la limite de ce qui est possible avec les moyens mis \u00e0 notre disposition par la Communaut\u00e9 flamande.<\/p>\n<p><span style=\"text-align: var(--text-align);\">&#8211;<\/span><span style=\"text-align: var(--text-align);\">&nbsp;<\/span>donne du sens aux apprentissages en favorisant le travail par th\u00e8mes ou projets et l\u2019interdisciplinarit\u00e9.<\/p>\n<p><span style=\"text-align: var(--text-align);\">&#8211;<\/span><span style=\"text-align: var(--text-align);\">&nbsp;<\/span>d\u00e9veloppe la curiosit\u00e9 et l\u2019esprit critique, accepte le travail par essais et erreurs, suscite le plaisir d\u2019apprendre.<\/p>\n<p><span style=\"text-align: var(--text-align);\">&#8211;<\/span><span style=\"text-align: var(--text-align);\">&nbsp;<\/span>donne des m\u00e9thodes de travail, rend l\u2019enfant autonome et responsable de son travail, pr\u00f4ne le go\u00fbt de l\u2019effort, du d\u00e9passement et du travail bien fait, am\u00e8ne l\u2019enfant \u00e0 remplir un contrat, \u00e0 faire des recherches (seul ou en \u00e9quipe), \u00e0 utiliser des outils (comme un ordinateur, un dictionnaire, un tableau interactif,\u2026).<\/p>\n<p><span style=\"text-align: var(--text-align);\">&#8211;<\/span><span style=\"text-align: var(--text-align);\">&nbsp;<\/span>laisse l\u2019enfant s\u2019exprimer, lui donne confiance en lui, l\u2019encourage.<\/p>\n<p><span style=\"text-align: var(--text-align);\">&#8211;<\/span><span style=\"text-align: var(--text-align);\">&nbsp;<\/span>\u00e9value r\u00e9guli\u00e8rement l\u2019\u00e9l\u00e8ve, met en place des rem\u00e9diations et propose des aides ext\u00e9rieures si n\u00e9cessaire.<\/p>\n<p><span style=\"text-align: var(--text-align);\">&#8211;<\/span><span style=\"text-align: var(--text-align);\">&nbsp;<\/span>d\u00e9fend les valeurs d\u00e9mocratiques, apprend \u00e0 l\u2019enfant \u00e0 vivre en soci\u00e9t\u00e9, \u00e0 respecter les autres et son environnement, encourage l\u2019entraide, la n\u00e9gociation, l\u2019esprit d\u2019\u00e9quipe, organise des conseils de classe et d\u2019\u00e9cole auxquels l\u2019enfant peut prendre part activement.<\/p>\n<p><span style=\"text-align: var(--text-align);\">&#8211;<\/span><span style=\"text-align: var(--text-align);\">&nbsp;<\/span>propose des activit\u00e9s pluridisciplinaires au travers des diff\u00e9rentes classes et\/ou cycles.<\/p>\n<p><span style=\"text-align: var(--text-align);\">&#8211;<\/span><span style=\"text-align: var(--text-align);\">&nbsp;<\/span>assure une continuit\u00e9 des apprentissages de la classe d\u2019accueil \u00e0 la 6\u00e8me primaire.<\/p>\n<p><span style=\"text-align: var(--text-align);\">&#8211;<\/span><span style=\"text-align: var(--text-align);\">&nbsp;<\/span>entretient un dialogue constructif avec les parents.<\/p>\t\t\t\t\t\t\t\t<\/div>\n\t\t\t\t<\/div>\n\t\t\t\t\t<\/div>\n\t\t\t\t<\/div>\n\t\t\t\t<\/div>\n\t\t","protected":false},"excerpt":{"rendered":"<p>Notre projet d&rsquo;\u00e9tablissement D\u2019o\u00f9 vient le nom de notre \u00e9cole\u00a0? A l\u2019origine, notre \u00e9cole occupait une ancienne petite ferme. Depuis &hellip; <\/p>\n","protected":false},"author":1,"featured_media":0,"parent":0,"menu_order":0,"comment_status":"closed","ping_status":"closed","template":"elementor_header_footer","meta":{"footnotes":""},"class_list":["post-6017","page","type-page","status-publish","hentry","latest_post"],"_links":{"self":[{"href":"https:\/\/www.ecolelafermette.be\/index.php?rest_route=\/wp\/v2\/pages\/6017","targetHints":{"allow":["GET"]}}],"collection":[{"href":"https:\/\/www.ecolelafermette.be\/index.php?rest_route=\/wp\/v2\/pages"}],"about":[{"href":"https:\/\/www.ecolelafermette.be\/index.php?rest_route=\/wp\/v2\/types\/page"}],"author":[{"embeddable":true,"href":"https:\/\/www.ecolelafermette.be\/index.php?rest_route=\/wp\/v2\/users\/1"}],"replies":[{"embeddable":true,"href":"https:\/\/www.ecolelafermette.be\/index.php?rest_route=%2Fwp%2Fv2%2Fcomments&post=6017"}],"version-history":[{"count":23,"href":"https:\/\/www.ecolelafermette.be\/index.php?rest_route=\/wp\/v2\/pages\/6017\/revisions"}],"predecessor-version":[{"id":7055,"href":"https:\/\/www.ecolelafermette.be\/index.php?rest_route=\/wp\/v2\/pages\/6017\/revisions\/7055"}],"wp:attachment":[{"href":"https:\/\/www.ecolelafermette.be\/index.php?rest_route=%2Fwp%2Fv2%2Fmedia&parent=6017"}],"curies":[{"name":"wp","href":"https:\/\/api.w.org\/{rel}","templated":true}]}}