{"id":5929,"date":"2024-04-23T17:30:12","date_gmt":"2024-04-23T15:30:12","guid":{"rendered":"https:\/\/lafermette.novatris.be\/?page_id=5929"},"modified":"2024-06-18T11:11:37","modified_gmt":"2024-06-18T09:11:37","slug":"pratique-sante","status":"publish","type":"page","link":"https:\/\/www.ecolelafermette.be\/?page_id=5929","title":{"rendered":"Pratique &#8211; Sant\u00e9"},"content":{"rendered":"\t\t<div data-elementor-type=\"wp-page\" data-elementor-id=\"5929\" class=\"elementor elementor-5929\">\n\t\t\t\t<div class=\"elementor-element elementor-element-70d3aa3 e-flex e-con-boxed e-con e-parent\" data-id=\"70d3aa3\" data-element_type=\"container\">\n\t\t\t\t\t<div class=\"e-con-inner\">\n\t\t\t\t<div class=\"elementor-element elementor-element-e0a9eb5 elementor-widget elementor-widget-heading\" data-id=\"e0a9eb5\" data-element_type=\"widget\" data-widget_type=\"heading.default\">\n\t\t\t\t<div class=\"elementor-widget-container\">\n\t\t\t\t\t<h2 class=\"elementor-heading-title elementor-size-default\">Sant\u00e9<\/h2>\t\t\t\t<\/div>\n\t\t\t\t<\/div>\n\t\t\t\t\t<\/div>\n\t\t\t\t<\/div>\n\t\t<div class=\"elementor-element elementor-element-f57f048 e-flex e-con-boxed e-con e-parent\" data-id=\"f57f048\" data-element_type=\"container\">\n\t\t\t\t\t<div class=\"e-con-inner\">\n\t\t\t\t<div class=\"elementor-element elementor-element-d68c44e elementor-widget elementor-widget-text-editor\" data-id=\"d68c44e\" data-element_type=\"widget\" data-widget_type=\"text-editor.default\">\n\t\t\t\t<div class=\"elementor-widget-container\">\n\t\t\t\t\t\t\t\t\t<p><strong>Les parents sont pri\u00e9s d&rsquo;avertir IMMEDIATEMENT l&rsquo;\u00e9cole dans les cas de maladies suivantes<\/strong> :<\/p><p>dipht\u00e9rie, fi\u00e8vres typho\u00efdes, paratypho\u00efdes, salmonelloses, dysenterie bacillaire, h\u00e9patite \u00e9pid\u00e9mique, m\u00e9ningite, poliomy\u00e9lite, scarlatine, variole, tuberculose, coqueluche, gale, oreillons, rougeole, rub\u00e9ole, imp\u00e9tigo, teigne du cuir chevelu ou de la peau, varicelle et p\u00e9diculose (parasites).<\/p><p>Pour toutes ces maladies, l&rsquo;\u00e9viction des enfants malades et des fr\u00e8res et s\u0153urs est dans certains cas OBLIGATOIRE.<\/p><p>Par la m\u00eame occasion, <strong>veuillez noter que le personnel de l\u2019\u00e9cole n\u2019est pas autoris\u00e9 \u00e0 administrer un m\u00e9dicament<\/strong> quel qu&rsquo;il soit, sans une ordonnance expresse du m\u00e9decin, sp\u00e9cifiant le nom et le pr\u00e9nom de l&rsquo;enfant, le nom du produit, la dose et le nombre de fois qu&rsquo;il doit \u00eatre administr\u00e9 \u00e0 l&rsquo;\u00e9cole.<\/p><p>L\u2019\u00e9quipe \u00e9ducative vous remercie d\u2019avance de ne pas oublier votre DEVOIR ENVERS LA COLLECTIVIT\u00c9\u00a0: en effet, un enfant que l\u2019on am\u00e8ne \u00e0 l\u2019\u00e9cole malade ou imparfaitement gu\u00e9ri, peut \u00eatre contagieux et en contaminant ses camarades, mettre une s\u00e9rie de familles dans l\u2019embarras. Sans parler des dangers qu\u2019il peut courir lui-m\u00eame.<\/p><p>\u00a0<\/p><p><strong><u>Les poux&#8230; <\/u><\/strong><\/p><p>Examinez r\u00e9guli\u00e8rement la chevelure de vos enfants.<\/p><p>Soyez attentifs aux gestes qui ne trompent pas. S\u2019il se gratte la t\u00eate sans arr\u00eat, prenez le temps de v\u00e9rifier s\u2019il n\u2019y a pas une raison.<\/p><p>Si vous remarquez la <u>pr\u00e9sence de poux<\/u>, il faut <u>pr\u00e9venir directement l\u2019instituteur et la direction<\/u>. Il faut aussi traiter directement l\u2019enfant. A c\u00f4t\u00e9 des shampooings sp\u00e9ciaux, il existe des peignes \u00e9lectriques (vendus en pharmacie) qui sont efficaces pour \u00e9liminer les poux (pas les lentes). Le traitement sera donc un peu plus long (n\u00e9cessit\u00e9 de passer le peigne tous les deux ou trois jours jusqu\u2019\u00e0 disparition totale des poux) mais plus facile et moins agressif pour les cheveux.<\/p><p>Nous serons oblig\u00e9s de refuser l\u2019enfant porteur de parasites et ceci jusqu\u2019\u00e0 gu\u00e9rison compl\u00e8te (AR du 11.07.72)<\/p><p>Nous comptons sur la bonne volont\u00e9 de tous, il y va de l\u2019hygi\u00e8ne de votre enfant, de toute votre famille et de l\u2019\u00e9cole.<\/p><p>\u00a0<\/p>\t\t\t\t\t\t\t\t<\/div>\n\t\t\t\t<\/div>\n\t\t\t\t\t<\/div>\n\t\t\t\t<\/div>\n\t\t\t\t<\/div>\n\t\t","protected":false},"excerpt":{"rendered":"<p>Sant\u00e9 Les parents sont pri\u00e9s d&rsquo;avertir IMMEDIATEMENT l&rsquo;\u00e9cole dans les cas de maladies suivantes : dipht\u00e9rie, fi\u00e8vres typho\u00efdes, paratypho\u00efdes, salmonelloses, &hellip; <\/p>\n","protected":false},"author":1,"featured_media":0,"parent":0,"menu_order":0,"comment_status":"closed","ping_status":"closed","template":"elementor_header_footer","meta":{"footnotes":""},"class_list":["post-5929","page","type-page","status-publish","hentry","latest_post"],"_links":{"self":[{"href":"https:\/\/www.ecolelafermette.be\/index.php?rest_route=\/wp\/v2\/pages\/5929","targetHints":{"allow":["GET"]}}],"collection":[{"href":"https:\/\/www.ecolelafermette.be\/index.php?rest_route=\/wp\/v2\/pages"}],"about":[{"href":"https:\/\/www.ecolelafermette.be\/index.php?rest_route=\/wp\/v2\/types\/page"}],"author":[{"embeddable":true,"href":"https:\/\/www.ecolelafermette.be\/index.php?rest_route=\/wp\/v2\/users\/1"}],"replies":[{"embeddable":true,"href":"https:\/\/www.ecolelafermette.be\/index.php?rest_route=%2Fwp%2Fv2%2Fcomments&post=5929"}],"version-history":[{"count":10,"href":"https:\/\/www.ecolelafermette.be\/index.php?rest_route=\/wp\/v2\/pages\/5929\/revisions"}],"predecessor-version":[{"id":6308,"href":"https:\/\/www.ecolelafermette.be\/index.php?rest_route=\/wp\/v2\/pages\/5929\/revisions\/6308"}],"wp:attachment":[{"href":"https:\/\/www.ecolelafermette.be\/index.php?rest_route=%2Fwp%2Fv2%2Fmedia&parent=5929"}],"curies":[{"name":"wp","href":"https:\/\/api.w.org\/{rel}","templated":true}]}}