{"id":5924,"date":"2024-04-23T17:28:29","date_gmt":"2024-04-23T15:28:29","guid":{"rendered":"https:\/\/lafermette.novatris.be\/?page_id=5924"},"modified":"2025-10-24T13:30:08","modified_gmt":"2025-10-24T11:30:08","slug":"pratique-frais-scolaires","status":"publish","type":"page","link":"https:\/\/www.ecolelafermette.be\/?page_id=5924","title":{"rendered":"Pratique &#8211; Frais scolaires"},"content":{"rendered":"\t\t<div data-elementor-type=\"wp-page\" data-elementor-id=\"5924\" class=\"elementor elementor-5924\">\n\t\t\t\t<div class=\"elementor-element elementor-element-20d7c4c e-flex e-con-boxed e-con e-parent\" data-id=\"20d7c4c\" data-element_type=\"container\">\n\t\t\t\t\t<div class=\"e-con-inner\">\n\t\t\t\t<div class=\"elementor-element elementor-element-3193454 elementor-widget elementor-widget-heading\" data-id=\"3193454\" data-element_type=\"widget\" data-widget_type=\"heading.default\">\n\t\t\t\t<div class=\"elementor-widget-container\">\n\t\t\t\t\t<h2 class=\"elementor-heading-title elementor-size-default\">Frais scolaires<\/h2>\t\t\t\t<\/div>\n\t\t\t\t<\/div>\n\t\t\t\t\t<\/div>\n\t\t\t\t<\/div>\n\t\t<div class=\"elementor-element elementor-element-7d4749c e-flex e-con-boxed e-con e-parent\" data-id=\"7d4749c\" data-element_type=\"container\">\n\t\t\t\t\t<div class=\"e-con-inner\">\n\t\t\t\t<div class=\"elementor-element elementor-element-1998a79 elementor-widget elementor-widget-text-editor\" data-id=\"1998a79\" data-element_type=\"widget\" data-widget_type=\"text-editor.default\">\n\t\t\t\t<div class=\"elementor-widget-container\">\n\t\t\t\t\t\t\t\t\t<h3>Pour chaque p\u00e9riode de 6 \u00e0 8 semaines, nous vous prions de compl\u00e9ter le document Google Form de renseignements concernant les repas, le bus scolaire, \u2026 et de le renvoyer dans les d\u00e9lais. Il s\u2019agit de votre devoir p\u00e9riodique.<\/h3><p>Ensuite, vous recevrez une facture \u00e9tablie au nom de l\u2019administration communale de Wezembeek-Oppem, reprenant les diff\u00e9rents frais.<\/p><p>Merci d\u2019acquitter la facture re\u00e7ue dans les d\u00e9lais impartis.<\/p><p><strong><u>Frais scolaires possibles<\/u><\/strong><\/p><p>* repas chauds : par semaine, 14,60 \u20ac (maternelle) et 16,80 \u20ac (primaire)<\/p><p>* divers : photos, excursions, th\u00e9\u00e2tre, classes de d\u00e9paysement, natation, \u2026<\/p>\t\t\t\t\t\t\t\t<\/div>\n\t\t\t\t<\/div>\n\t\t\t\t\t<\/div>\n\t\t\t\t<\/div>\n\t\t\t\t<\/div>\n\t\t","protected":false},"excerpt":{"rendered":"<p>Frais scolaires Pour chaque p\u00e9riode de 6 \u00e0 8 semaines, nous vous prions de compl\u00e9ter le document Google Form de &hellip; <\/p>\n","protected":false},"author":1,"featured_media":0,"parent":0,"menu_order":0,"comment_status":"closed","ping_status":"closed","template":"elementor_header_footer","meta":{"footnotes":""},"class_list":["post-5924","page","type-page","status-publish","hentry","latest_post"],"_links":{"self":[{"href":"https:\/\/www.ecolelafermette.be\/index.php?rest_route=\/wp\/v2\/pages\/5924","targetHints":{"allow":["GET"]}}],"collection":[{"href":"https:\/\/www.ecolelafermette.be\/index.php?rest_route=\/wp\/v2\/pages"}],"about":[{"href":"https:\/\/www.ecolelafermette.be\/index.php?rest_route=\/wp\/v2\/types\/page"}],"author":[{"embeddable":true,"href":"https:\/\/www.ecolelafermette.be\/index.php?rest_route=\/wp\/v2\/users\/1"}],"replies":[{"embeddable":true,"href":"https:\/\/www.ecolelafermette.be\/index.php?rest_route=%2Fwp%2Fv2%2Fcomments&post=5924"}],"version-history":[{"count":25,"href":"https:\/\/www.ecolelafermette.be\/index.php?rest_route=\/wp\/v2\/pages\/5924\/revisions"}],"predecessor-version":[{"id":7230,"href":"https:\/\/www.ecolelafermette.be\/index.php?rest_route=\/wp\/v2\/pages\/5924\/revisions\/7230"}],"wp:attachment":[{"href":"https:\/\/www.ecolelafermette.be\/index.php?rest_route=%2Fwp%2Fv2%2Fmedia&parent=5924"}],"curies":[{"name":"wp","href":"https:\/\/api.w.org\/{rel}","templated":true}]}}