{"id":5914,"date":"2024-04-23T17:26:46","date_gmt":"2024-04-23T15:26:46","guid":{"rendered":"https:\/\/lafermette.novatris.be\/?page_id=5914"},"modified":"2026-03-20T09:54:58","modified_gmt":"2026-03-20T08:54:58","slug":"pratique-repas","status":"publish","type":"page","link":"https:\/\/www.ecolelafermette.be\/?page_id=5914","title":{"rendered":"Pratique &#8211; Repas"},"content":{"rendered":"\t\t<div data-elementor-type=\"wp-page\" data-elementor-id=\"5914\" class=\"elementor elementor-5914\">\n\t\t\t\t<div class=\"elementor-element elementor-element-b437b51 e-flex e-con-boxed e-con e-parent\" data-id=\"b437b51\" data-element_type=\"container\">\n\t\t\t\t\t<div class=\"e-con-inner\">\n\t\t\t\t<div class=\"elementor-element elementor-element-7184bd8 elementor-widget elementor-widget-heading\" data-id=\"7184bd8\" data-element_type=\"widget\" data-widget_type=\"heading.default\">\n\t\t\t\t<div class=\"elementor-widget-container\">\n\t\t\t\t\t<h2 class=\"elementor-heading-title elementor-size-default\">Repas de midi<\/h2>\t\t\t\t<\/div>\n\t\t\t\t<\/div>\n\t\t\t\t\t<\/div>\n\t\t\t\t<\/div>\n\t\t<div class=\"elementor-element elementor-element-e569dc7 e-flex e-con-boxed e-con e-parent\" data-id=\"e569dc7\" data-element_type=\"container\">\n\t\t\t\t\t<div class=\"e-con-inner\">\n\t\t\t\t<div class=\"elementor-element elementor-element-935f9db elementor-widget elementor-widget-text-editor\" data-id=\"935f9db\" data-element_type=\"widget\" data-widget_type=\"text-editor.default\">\n\t\t\t\t<div class=\"elementor-widget-container\">\n\t\t\t\t\t\t\t\t\t<p>a) Tartines, salades diverses, \u2026. pr\u00e9par\u00e9es \u00e0 la maison. Le tout dans un r\u00e9cipient r\u00e9utilisable. Merci de privil\u00e9gier les gourdes.<\/p><p>b) Repas chaud et potage : \u00e0 partir de la 2\u00e8me semaine de septembre.<\/p><p>Inscription pr\u00e9alable par p\u00e9riode d\u2019environ deux mois.<\/p><p>Ces repas sont pr\u00e9par\u00e9s par \u00ab TCO \u00bb et servis \u00e0 l\u2019\u00e9cole.<\/p><p>Vous trouverez les menus ci-dessous\u00a0 et nous vous prions de passer vos commandes <strong><u>par semaine compl\u00e8te<\/u><\/strong>.<\/p><p>Ce repas comprend un potage et un plat\u00a0 (+ eau servie en carafe) au prix de : \u00a0<\/p><p>\u00a0 \u00a0 \u00a0 \u00a0 \u00a0 \u00a0 \u00a0 \u00a0&#8211; 3,65 \u20ac\u00a0 pour les enfants de l\u2019\u00e9cole maternelle<\/p><p>\u00a0\u00a0\u00a0\u00a0\u00a0\u00a0\u00a0\u00a0\u00a0 \u00a0\u00a0\u00a0\u00a0 &#8211; 4,20 \u20ac pour les \u00e9l\u00e8ves de l\u2019\u00e9cole primaire.<\/p><p>Lors d\u2019une absence, tout repas non d\u00e9command\u00e9 <strong><u>au secr\u00e9tariat avant 8h30<\/u><\/strong> sera factur\u00e9.<\/p>\t\t\t\t\t\t\t\t<\/div>\n\t\t\t\t<\/div>\n\t\t\t\t\t<\/div>\n\t\t\t\t<\/div>\n\t\t<div class=\"elementor-element elementor-element-f80b64d e-flex e-con-boxed e-con e-parent\" data-id=\"f80b64d\" data-element_type=\"container\">\n\t\t\t\t\t<div class=\"e-con-inner\">\n\t\t\t\t\t<\/div>\n\t\t\t\t<\/div>\n\t\t<div class=\"elementor-element elementor-element-a2e4cd8 e-flex e-con-boxed e-con e-parent\" data-id=\"a2e4cd8\" data-element_type=\"container\">\n\t\t\t\t\t<div class=\"e-con-inner\">\n\t\t\t\t<div class=\"elementor-element elementor-element-e437632 elementor-widget elementor-widget-text-editor\" data-id=\"e437632\" data-element_type=\"widget\" data-widget_type=\"text-editor.default\">\n\t\t\t\t<div class=\"elementor-widget-container\">\n\t\t\t\t\t\t\t\t\t<p><strong><u>Une alimation saine\u2026.<\/u><\/strong><\/p>\n<p><\/p>\n<p>Afin de palier certains probl\u00e8mes de notre soci\u00e9t\u00e9 de consommation,<\/p><p>nous avons r\u00e9fl\u00e9chi \u00e0 mieux \u00e9quilibrer les collations des enfants.<\/p>\n<p>A dix heures, nous souhaitons vivement que les enfants mangent <strong>des fruits, des l\u00e9gumes ou des yaourts.<\/strong><\/p>\n<p>Occasionnellement, une petite bo\u00eete de c\u00e9r\u00e9ales est \u00e9galement autoris\u00e9e.<\/p>\n<p>Vous pouvez encore leur donner des biscuits. Ils auront l\u2019occasion de les manger<\/p>\n<p>l\u2019apr\u00e8s-midi.<\/p>\t\t\t\t\t\t\t\t<\/div>\n\t\t\t\t<\/div>\n\t\t\t\t<div class=\"elementor-element elementor-element-34f14b5 elementor-widget elementor-widget-text-editor\" data-id=\"34f14b5\" data-element_type=\"widget\" data-widget_type=\"text-editor.default\">\n\t\t\t\t<div class=\"elementor-widget-container\">\n\t\t\t\t\t\t\t\t\t<p><span style=\"font-weight: bold;\">Sont interdits\u00a0:<\/span><\/p><p><span style=\"font-weight: bold;\">les chewing-gum, le chocolat<\/span><\/p><p><span style=\"font-weight: bold;\">les bonbons et les softs (boissons gazeuses sucr\u00e9es).<\/span><\/p><p>\u00a0<\/p><p><span style=\"font-weight: bold;\"><em>Une alimentation saine est la base d\u2019une bonne hygi\u00e8ne de vie\u00a0!<\/em><\/span><\/p>\t\t\t\t\t\t\t\t<\/div>\n\t\t\t\t<\/div>\n\t\t\t\t\t<\/div>\n\t\t\t\t<\/div>\n\t\t<div class=\"elementor-element elementor-element-6d7a743 e-flex e-con-boxed e-con e-parent\" data-id=\"6d7a743\" data-element_type=\"container\">\n\t\t\t\t\t<div class=\"e-con-inner\">\n\t\t\t\t\t<\/div>\n\t\t\t\t<\/div>\n\t\t<div class=\"elementor-element elementor-element-56bf963 e-flex e-con-boxed e-con e-parent\" data-id=\"56bf963\" data-element_type=\"container\">\n\t\t\t\t\t<div class=\"e-con-inner\">\n\t\t\t\t<div class=\"elementor-element elementor-element-2f60cc7 elementor-widget elementor-widget-image\" data-id=\"2f60cc7\" data-element_type=\"widget\" data-widget_type=\"image.default\">\n\t\t\t\t<div class=\"elementor-widget-container\">\n\t\t\t\t\t\t\t\t\t\t\t\t\t\t\t<img fetchpriority=\"high\" decoding=\"async\" width=\"724\" height=\"1024\" src=\"https:\/\/www.ecolelafermette.be\/wp-content\/uploads\/2026\/01\/4J-JV-SF-SD-MENU-MARS-2026-FR-724x1024.jpg\" class=\"attachment-large size-large wp-image-7283\" alt=\"\" srcset=\"https:\/\/www.ecolelafermette.be\/wp-content\/uploads\/2026\/01\/4J-JV-SF-SD-MENU-MARS-2026-FR-724x1024.jpg 724w, https:\/\/www.ecolelafermette.be\/wp-content\/uploads\/2026\/01\/4J-JV-SF-SD-MENU-MARS-2026-FR-212x300.jpg 212w, https:\/\/www.ecolelafermette.be\/wp-content\/uploads\/2026\/01\/4J-JV-SF-SD-MENU-MARS-2026-FR-768x1086.jpg 768w, https:\/\/www.ecolelafermette.be\/wp-content\/uploads\/2026\/01\/4J-JV-SF-SD-MENU-MARS-2026-FR-197x278.jpg 197w, https:\/\/www.ecolelafermette.be\/wp-content\/uploads\/2026\/01\/4J-JV-SF-SD-MENU-MARS-2026-FR-1087x1536.jpg 1087w, https:\/\/www.ecolelafermette.be\/wp-content\/uploads\/2026\/01\/4J-JV-SF-SD-MENU-MARS-2026-FR-1449x2048.jpg 1449w, https:\/\/www.ecolelafermette.be\/wp-content\/uploads\/2026\/01\/4J-JV-SF-SD-MENU-MARS-2026-FR.jpg 1654w\" sizes=\"(max-width: 724px) 100vw, 724px\" \/>\t\t\t\t\t\t\t\t\t\t\t\t\t\t\t<\/div>\n\t\t\t\t<\/div>\n\t\t\t\t<div class=\"elementor-element elementor-element-72831eb elementor-widget elementor-widget-image\" data-id=\"72831eb\" data-element_type=\"widget\" data-widget_type=\"image.default\">\n\t\t\t\t<div class=\"elementor-widget-container\">\n\t\t\t\t\t\t\t\t\t\t\t\t\t\t\t<img decoding=\"async\" width=\"724\" height=\"1024\" src=\"https:\/\/www.ecolelafermette.be\/wp-content\/uploads\/2026\/02\/4J-JV-SF-SD-MENU-AVRIL-2026-FR_Page_2-724x1024.jpg\" class=\"attachment-large size-large wp-image-7293\" alt=\"\" srcset=\"https:\/\/www.ecolelafermette.be\/wp-content\/uploads\/2026\/02\/4J-JV-SF-SD-MENU-AVRIL-2026-FR_Page_2-724x1024.jpg 724w, https:\/\/www.ecolelafermette.be\/wp-content\/uploads\/2026\/02\/4J-JV-SF-SD-MENU-AVRIL-2026-FR_Page_2-212x300.jpg 212w, https:\/\/www.ecolelafermette.be\/wp-content\/uploads\/2026\/02\/4J-JV-SF-SD-MENU-AVRIL-2026-FR_Page_2-768x1086.jpg 768w, https:\/\/www.ecolelafermette.be\/wp-content\/uploads\/2026\/02\/4J-JV-SF-SD-MENU-AVRIL-2026-FR_Page_2-197x278.jpg 197w, https:\/\/www.ecolelafermette.be\/wp-content\/uploads\/2026\/02\/4J-JV-SF-SD-MENU-AVRIL-2026-FR_Page_2-1087x1536.jpg 1087w, https:\/\/www.ecolelafermette.be\/wp-content\/uploads\/2026\/02\/4J-JV-SF-SD-MENU-AVRIL-2026-FR_Page_2-1449x2048.jpg 1449w, https:\/\/www.ecolelafermette.be\/wp-content\/uploads\/2026\/02\/4J-JV-SF-SD-MENU-AVRIL-2026-FR_Page_2.jpg 1654w\" sizes=\"(max-width: 724px) 100vw, 724px\" \/>\t\t\t\t\t\t\t\t\t\t\t\t\t\t\t<\/div>\n\t\t\t\t<\/div>\n\t\t\t\t\t<\/div>\n\t\t\t\t<\/div>\n\t\t\t\t<\/div>\n\t\t","protected":false},"excerpt":{"rendered":"<p>Repas de midi a) Tartines, salades diverses, \u2026. pr\u00e9par\u00e9es \u00e0 la maison. Le tout dans un r\u00e9cipient r\u00e9utilisable. Merci de &hellip; <\/p>\n","protected":false},"author":1,"featured_media":0,"parent":0,"menu_order":0,"comment_status":"closed","ping_status":"closed","template":"elementor_header_footer","meta":{"footnotes":""},"class_list":["post-5914","page","type-page","status-publish","hentry","latest_post"],"_links":{"self":[{"href":"https:\/\/www.ecolelafermette.be\/index.php?rest_route=\/wp\/v2\/pages\/5914","targetHints":{"allow":["GET"]}}],"collection":[{"href":"https:\/\/www.ecolelafermette.be\/index.php?rest_route=\/wp\/v2\/pages"}],"about":[{"href":"https:\/\/www.ecolelafermette.be\/index.php?rest_route=\/wp\/v2\/types\/page"}],"author":[{"embeddable":true,"href":"https:\/\/www.ecolelafermette.be\/index.php?rest_route=\/wp\/v2\/users\/1"}],"replies":[{"embeddable":true,"href":"https:\/\/www.ecolelafermette.be\/index.php?rest_route=%2Fwp%2Fv2%2Fcomments&post=5914"}],"version-history":[{"count":49,"href":"https:\/\/www.ecolelafermette.be\/index.php?rest_route=\/wp\/v2\/pages\/5914\/revisions"}],"predecessor-version":[{"id":7312,"href":"https:\/\/www.ecolelafermette.be\/index.php?rest_route=\/wp\/v2\/pages\/5914\/revisions\/7312"}],"wp:attachment":[{"href":"https:\/\/www.ecolelafermette.be\/index.php?rest_route=%2Fwp%2Fv2%2Fmedia&parent=5914"}],"curies":[{"name":"wp","href":"https:\/\/api.w.org\/{rel}","templated":true}]}}