{"id":5865,"date":"2024-04-23T16:50:56","date_gmt":"2024-04-23T14:50:56","guid":{"rendered":"https:\/\/lafermette.novatris.be\/?page_id=5865"},"modified":"2025-11-12T21:31:53","modified_gmt":"2025-11-12T20:31:53","slug":"equipes-association-de-parents-ap","status":"publish","type":"page","link":"https:\/\/www.ecolelafermette.be\/?page_id=5865","title":{"rendered":"Equipes &#8211; Association de parents (AP)"},"content":{"rendered":"\t\t<div data-elementor-type=\"wp-page\" data-elementor-id=\"5865\" class=\"elementor elementor-5865\">\n\t\t\t\t<div class=\"elementor-element elementor-element-d347083 e-flex e-con-boxed e-con e-parent\" data-id=\"d347083\" data-element_type=\"container\">\n\t\t\t\t\t<div class=\"e-con-inner\">\n\t\t\t\t<div class=\"elementor-element elementor-element-22e90dc elementor-widget elementor-widget-heading\" data-id=\"22e90dc\" data-element_type=\"widget\" data-widget_type=\"heading.default\">\n\t\t\t\t<div class=\"elementor-widget-container\">\n\t\t\t\t\t<h2 class=\"elementor-heading-title elementor-size-default\">L'Association des Parents (AP)<\/h2>\t\t\t\t<\/div>\n\t\t\t\t<\/div>\n\t\t\t\t\t<\/div>\n\t\t\t\t<\/div>\n\t\t<div class=\"elementor-element elementor-element-fc4d477 e-flex e-con-boxed e-con e-parent\" data-id=\"fc4d477\" data-element_type=\"container\">\n\t\t\t\t\t<div class=\"e-con-inner\">\n\t\t\t\t<div class=\"elementor-element elementor-element-4e25271 elementor-widget elementor-widget-text-editor\" data-id=\"4e25271\" data-element_type=\"widget\" data-widget_type=\"text-editor.default\">\n\t\t\t\t<div class=\"elementor-widget-container\">\n\t\t\t\t\t\t\t\t\t<p>L\u2019Association des Parents de la Fermette a pour but de mettre sur pied,\u00a0d\u2019animer\u00a0et de favoriser\u00a0des projets au b\u00e9n\u00e9fice des enfants de l\u2019\u00e9cole.<\/p><p>Elle tend \u00e0 assurer au sein de l\u2019\u00e9cole un climat de confiance et de s\u00e9r\u00e9nit\u00e9, propice au bien-\u00eatre et \u00e0 l\u00a0\u2018\u00e9panouissement des enfants. Dans ce but, elle engage et maintient des dialogues et des projets constructifs entre parents, Pouvoir Organisateur, direction et enseignants dans le respect des opinions et pr\u00e9rogatives de chacune des parties.<\/p><p>L\u2019Association des parents propose des d\u00e9l\u00e9gu\u00e9s dont le r\u00f4le est de faciliter les contacts entre les parents et l\u2019\u00e9cole. Ces d\u00e9l\u00e9gu\u00e9s d\u2019ann\u00e9e ne remplacent pas le titulaire de votre enfant. Ils ne doivent donc \u00e0 priori pas \u00eatre contact\u00e9s pour des sujets de l\u2019ordre du p\u00e9dagogique ou pouvant \u00eatre trait\u00e9s par le titulaire.<\/p><p>Durant l\u2019ann\u00e9e, plusieurs \u00e9v\u00e9nements\u00a0et f\u00eates\u00a0sont\u00a0\u00e9galement\u00a0organis\u00e9s. Ces\u00a0activit\u00e9s, outre d\u2019assurer l\u2019amusement des enfants, ont aussi pour objectif de r\u00e9colter de l\u2019argent afin de financer les diff\u00e9rents projets de l\u2019AP (achat de\u00a0mat\u00e9riel et jeux pour la cour, les classes, le r\u00e9fectoire ou l\u2019\u00e9cole en g\u00e9n\u00e9ral, spectacles pour la Saint Nicolas,\u00a0diverses animations ponctuelles ou autre demande d\u2019aide financi\u00e8re ponctuelle,\u2026).<\/p><p>Pour que l\u2019AP soit la plus dynamique possible\u00a0et ces activit\u00e9s une r\u00e9ussite,\u00a0il faut que vous, parents et donc membres de fait de l\u2019AP, n\u2019h\u00e9sitiez pas\u00a0non seulement\u00a0\u00e0 venir partager vos id\u00e9es, remarques, projets lors de l\u2019une ou l\u2019autre r\u00e9union de l\u2019Association des Parents\u00a0ou en nous contactant mais aussi \u00e0 nous donner un petit coup de main (m\u00eame si ponctuel), suite aux sollicitations que vous recevrez de la part de l\u2019AP tout au long de l\u2019ann\u00e9e, quand vous le pouvez et qui sera toujours le bienvenu.<\/p><p>Les r\u00e9unions se tiennent, dans le r\u00e9fectoire de l\u2019\u00e9cole \u00e0 20h15, les jours suivants :\u00a0<\/p>\t\t\t\t\t\t\t\t<\/div>\n\t\t\t\t<\/div>\n\t\t\t\t\t<\/div>\n\t\t\t\t<\/div>\n\t\t<div class=\"elementor-element elementor-element-7201f3d e-flex e-con-boxed e-con e-parent\" data-id=\"7201f3d\" data-element_type=\"container\">\n\t\t\t\t\t<div class=\"e-con-inner\">\n\t\t\t\t<div class=\"elementor-element elementor-element-79579bb elementor-widget elementor-widget-text-editor\" data-id=\"79579bb\" data-element_type=\"widget\" data-widget_type=\"text-editor.default\">\n\t\t\t\t<div class=\"elementor-widget-container\">\n\t\t\t\t\t\t\t\t\t<p>le mardi 6\/01\/26<\/p><p>le lundi 15\/06\/26<\/p>\t\t\t\t\t\t\t\t<\/div>\n\t\t\t\t<\/div>\n\t\t\t\t\t<\/div>\n\t\t\t\t<\/div>\n\t\t<div class=\"elementor-element elementor-element-c182a4d e-con-full e-flex e-con e-parent\" data-id=\"c182a4d\" data-element_type=\"container\">\n\t\t\t\t<div class=\"elementor-element elementor-element-878ab97 elementor-widget elementor-widget-spacer\" data-id=\"878ab97\" data-element_type=\"widget\" data-widget_type=\"spacer.default\">\n\t\t\t\t<div class=\"elementor-widget-container\">\n\t\t\t\t\t\t\t<div class=\"elementor-spacer\">\n\t\t\t<div class=\"elementor-spacer-inner\"><\/div>\n\t\t<\/div>\n\t\t\t\t\t\t<\/div>\n\t\t\t\t<\/div>\n\t\t\t\t<div class=\"elementor-element elementor-element-89c99a1 elementor-widget elementor-widget-text-editor\" data-id=\"89c99a1\" data-element_type=\"widget\" data-widget_type=\"text-editor.default\">\n\t\t\t\t<div class=\"elementor-widget-container\">\n\t\t\t\t\t\t\t\t\t<p style=\"text-align: center;\">Aur\u00e9lie Silve &amp; Nicolas Coquelet<\/p><p style=\"text-align: center;\">Pr\u00e9sidents de L\u2019Association des Parents<\/p><p style=\"text-align: center;\">www.apfermette.be<\/p>\t\t\t\t\t\t\t\t<\/div>\n\t\t\t\t<\/div>\n\t\t\t\t<div class=\"elementor-element elementor-element-3d4ec8e elementor-widget elementor-widget-spacer\" data-id=\"3d4ec8e\" data-element_type=\"widget\" data-widget_type=\"spacer.default\">\n\t\t\t\t<div class=\"elementor-widget-container\">\n\t\t\t\t\t\t\t<div class=\"elementor-spacer\">\n\t\t\t<div class=\"elementor-spacer-inner\"><\/div>\n\t\t<\/div>\n\t\t\t\t\t\t<\/div>\n\t\t\t\t<\/div>\n\t\t\t\t<\/div>\n\t\t\t\t<\/div>\n\t\t","protected":false},"excerpt":{"rendered":"<p>L&rsquo;Association des Parents (AP) L\u2019Association des Parents de la Fermette a pour but de mettre sur pied,\u00a0d\u2019animer\u00a0et de favoriser\u00a0des projets &hellip; <\/p>\n","protected":false},"author":1,"featured_media":0,"parent":0,"menu_order":0,"comment_status":"closed","ping_status":"closed","template":"elementor_header_footer","meta":{"footnotes":""},"class_list":["post-5865","page","type-page","status-publish","hentry","latest_post"],"_links":{"self":[{"href":"https:\/\/www.ecolelafermette.be\/index.php?rest_route=\/wp\/v2\/pages\/5865","targetHints":{"allow":["GET"]}}],"collection":[{"href":"https:\/\/www.ecolelafermette.be\/index.php?rest_route=\/wp\/v2\/pages"}],"about":[{"href":"https:\/\/www.ecolelafermette.be\/index.php?rest_route=\/wp\/v2\/types\/page"}],"author":[{"embeddable":true,"href":"https:\/\/www.ecolelafermette.be\/index.php?rest_route=\/wp\/v2\/users\/1"}],"replies":[{"embeddable":true,"href":"https:\/\/www.ecolelafermette.be\/index.php?rest_route=%2Fwp%2Fv2%2Fcomments&post=5865"}],"version-history":[{"count":34,"href":"https:\/\/www.ecolelafermette.be\/index.php?rest_route=\/wp\/v2\/pages\/5865\/revisions"}],"predecessor-version":[{"id":7255,"href":"https:\/\/www.ecolelafermette.be\/index.php?rest_route=\/wp\/v2\/pages\/5865\/revisions\/7255"}],"wp:attachment":[{"href":"https:\/\/www.ecolelafermette.be\/index.php?rest_route=%2Fwp%2Fv2%2Fmedia&parent=5865"}],"curies":[{"name":"wp","href":"https:\/\/api.w.org\/{rel}","templated":true}]}}