{"id":5860,"date":"2024-04-23T16:40:30","date_gmt":"2024-04-23T14:40:30","guid":{"rendered":"https:\/\/lafermette.novatris.be\/?page_id=5860"},"modified":"2025-06-17T09:25:33","modified_gmt":"2025-06-17T07:25:33","slug":"equipes-pouvoir-organisateur","status":"publish","type":"page","link":"https:\/\/www.ecolelafermette.be\/?page_id=5860","title":{"rendered":"Equipes &#8211; Pouvoir Organisateur"},"content":{"rendered":"\t\t<div data-elementor-type=\"wp-page\" data-elementor-id=\"5860\" class=\"elementor elementor-5860\">\n\t\t\t\t<div class=\"elementor-element elementor-element-c0edd26 e-flex e-con-boxed e-con e-parent\" data-id=\"c0edd26\" data-element_type=\"container\">\n\t\t\t\t\t<div class=\"e-con-inner\">\n\t\t\t\t<div class=\"elementor-element elementor-element-2e7e2e8 elementor-widget elementor-widget-heading\" data-id=\"2e7e2e8\" data-element_type=\"widget\" data-widget_type=\"heading.default\">\n\t\t\t\t<div class=\"elementor-widget-container\">\n\t\t\t\t\t<h2 class=\"elementor-heading-title elementor-size-default\">Le Pouvoir Organisateur (PO)<\/h2>\t\t\t\t<\/div>\n\t\t\t\t<\/div>\n\t\t\t\t\t<\/div>\n\t\t\t\t<\/div>\n\t\t<div class=\"elementor-element elementor-element-4b386ae e-flex e-con-boxed e-con e-parent\" data-id=\"4b386ae\" data-element_type=\"container\">\n\t\t\t\t\t<div class=\"e-con-inner\">\n\t\t\t\t<div class=\"elementor-element elementor-element-78a2557 elementor-widget elementor-widget-text-editor\" data-id=\"78a2557\" data-element_type=\"widget\" data-widget_type=\"text-editor.default\">\n\t\t\t\t<div class=\"elementor-widget-container\">\n\t\t\t\t\t\t\t\t\t<p>Notre \u00e9cole est une \u00e9cole communale fondamentale officielle, subventionn\u00e9e par la Communaut\u00e9 flamande et suivant les programmes officiels francophones. Notre \u00e9cole fait partie de la communaut\u00e9 scolaire \u201cRand-FR\u201d, subsidi\u00e9e par la communaut\u00e9 flamande. Nous d\u00e9pendons donc administrativement de la Communaut\u00e9 flamande et p\u00e9dagogiquement de la Communaut\u00e9 fran\u00e7aise.<\/p>\n<p>Elle accueille filles et gar\u00e7ons de 2 ans et demi \u00e0 12 ans habitant Wezembeek-Oppem ou une autre commune \u00e0 facilit\u00e9s (Drogenbos, Wemmel, Linkebeek, Rhode-Saint-Gen\u00e8se, et Kraainem).<\/p>\n<p>Le Pouvoir Organisateur responsable des \u00e9coles communales est le conseil communal.<\/p>\n<p>La gestion journali\u00e8re est de la responsabilit\u00e9 du Coll\u00e8ge du Bourgmestre et Echevins et fait plus particuli\u00e8rement partie des attributions de <strong>Madame Florence Van Hecke, Echevin responsable pour l\u2019enseignement francophone.<\/strong><\/p>\n<p><strong>&nbsp;<\/strong><\/p>\n<p>Le Pouvoir Organisateur de l\u2019\u00e9cole d\u00e9tient l\u2019autorit\u00e9 sur la gestion de l\u2019\u00e9cole et sur son personnel.<\/p>\t\t\t\t\t\t\t\t<\/div>\n\t\t\t\t<\/div>\n\t\t\t\t\t<\/div>\n\t\t\t\t<\/div>\n\t\t\t\t<\/div>\n\t\t","protected":false},"excerpt":{"rendered":"<p>Le Pouvoir Organisateur (PO) Notre \u00e9cole est une \u00e9cole communale fondamentale officielle, subventionn\u00e9e par la Communaut\u00e9 flamande et suivant les &hellip; <\/p>\n","protected":false},"author":1,"featured_media":0,"parent":0,"menu_order":0,"comment_status":"closed","ping_status":"closed","template":"elementor_header_footer","meta":{"footnotes":""},"class_list":["post-5860","page","type-page","status-publish","hentry","latest_post"],"_links":{"self":[{"href":"https:\/\/www.ecolelafermette.be\/index.php?rest_route=\/wp\/v2\/pages\/5860","targetHints":{"allow":["GET"]}}],"collection":[{"href":"https:\/\/www.ecolelafermette.be\/index.php?rest_route=\/wp\/v2\/pages"}],"about":[{"href":"https:\/\/www.ecolelafermette.be\/index.php?rest_route=\/wp\/v2\/types\/page"}],"author":[{"embeddable":true,"href":"https:\/\/www.ecolelafermette.be\/index.php?rest_route=\/wp\/v2\/users\/1"}],"replies":[{"embeddable":true,"href":"https:\/\/www.ecolelafermette.be\/index.php?rest_route=%2Fwp%2Fv2%2Fcomments&post=5860"}],"version-history":[{"count":19,"href":"https:\/\/www.ecolelafermette.be\/index.php?rest_route=\/wp\/v2\/pages\/5860\/revisions"}],"predecessor-version":[{"id":7052,"href":"https:\/\/www.ecolelafermette.be\/index.php?rest_route=\/wp\/v2\/pages\/5860\/revisions\/7052"}],"wp:attachment":[{"href":"https:\/\/www.ecolelafermette.be\/index.php?rest_route=%2Fwp%2Fv2%2Fmedia&parent=5860"}],"curies":[{"name":"wp","href":"https:\/\/api.w.org\/{rel}","templated":true}]}}