{"id":5854,"date":"2024-04-23T16:37:32","date_gmt":"2024-04-23T14:37:32","guid":{"rendered":"https:\/\/lafermette.novatris.be\/?page_id=5854"},"modified":"2025-06-17T11:38:19","modified_gmt":"2025-06-17T09:38:19","slug":"equipes-technique","status":"publish","type":"page","link":"https:\/\/www.ecolelafermette.be\/?page_id=5854","title":{"rendered":"Equipes &#8211; Technique"},"content":{"rendered":"\t\t<div data-elementor-type=\"wp-page\" data-elementor-id=\"5854\" class=\"elementor elementor-5854\">\n\t\t\t\t<div class=\"elementor-element elementor-element-b10cbea e-grid e-con-boxed e-con e-parent\" data-id=\"b10cbea\" data-element_type=\"container\">\n\t\t\t\t\t<div class=\"e-con-inner\">\n\t\t\t\t<div class=\"elementor-element elementor-element-b2d9f2f elementor-widget elementor-widget-heading\" data-id=\"b2d9f2f\" data-element_type=\"widget\" data-widget_type=\"heading.default\">\n\t\t\t\t<div class=\"elementor-widget-container\">\n\t\t\t\t\t<h2 class=\"elementor-heading-title elementor-size-default\">Equipe technique<\/h2>\t\t\t\t<\/div>\n\t\t\t\t<\/div>\n\t\t\t\t<div class=\"elementor-element elementor-element-8f71331 elementor-widget elementor-widget-text-editor\" data-id=\"8f71331\" data-element_type=\"widget\" data-widget_type=\"text-editor.default\">\n\t\t\t\t<div class=\"elementor-widget-container\">\n\t\t\t\t\t\t\t\t\t<p>L&rsquo;\u00e9cole peut compter au niveau de la garderie, de la cuisine et de l&rsquo;entretien sur une \u00e9quipe d\u00e9vou\u00e9e.<\/p>\t\t\t\t\t\t\t\t<\/div>\n\t\t\t\t<\/div>\n\t\t\t\t\t<\/div>\n\t\t\t\t<\/div>\n\t\t<div class=\"elementor-element elementor-element-3be48b0 e-flex e-con-boxed e-con e-parent\" data-id=\"3be48b0\" data-element_type=\"container\">\n\t\t\t\t\t<div class=\"e-con-inner\">\n\t\t<div class=\"elementor-element elementor-element-dbbd406 e-grid e-con-full e-con e-child\" data-id=\"dbbd406\" data-element_type=\"container\">\n\t\t\t\t<div class=\"elementor-element elementor-element-abc128c elementor-widget elementor-widget-meafe-team\" data-id=\"abc128c\" data-element_type=\"widget\" data-widget_type=\"meafe-team.default\">\n\t\t\t\t<div class=\"elementor-widget-container\">\n\t\t\t\t\t        <div class=\"meafe-team-wrapper-main layout-2\">\n            <div class=\"meafe-team-inner-wrap\">\n                <div class=\"meafe-team-wrap\">\n\n                    \n                                            <div class=\"meafe-team-fig\">\n                            <figure class=\"meafe-member-figure\">\n                                <img fetchpriority=\"high\" decoding=\"async\" width=\"714\" height=\"1024\" src=\"https:\/\/www.ecolelafermette.be\/wp-content\/uploads\/2024\/06\/claudia2-714x1024.jpg\" class=\"attachment-large size-large wp-image-6512\" alt=\"\" srcset=\"https:\/\/www.ecolelafermette.be\/wp-content\/uploads\/2024\/06\/claudia2-714x1024.jpg 714w, https:\/\/www.ecolelafermette.be\/wp-content\/uploads\/2024\/06\/claudia2-209x300.jpg 209w, https:\/\/www.ecolelafermette.be\/wp-content\/uploads\/2024\/06\/claudia2-768x1101.jpg 768w, https:\/\/www.ecolelafermette.be\/wp-content\/uploads\/2024\/06\/claudia2.jpg 943w\" sizes=\"(max-width: 714px) 100vw, 714px\" \/>                            <\/figure>\n                        <\/div>\n                    \n                    <div class=\"meafe-member-body\">\n                        <h3 class=\"meafe-member-name\">Claudia<\/h3>\n                                                    <div class=\"meafe-member-position\">Encadrement<\/div>\n                                                \n                        \n                         \n\n                                               \n                    <\/div>\n\n                    \n                    \n                                    <\/div>\n            <\/div>\n        <\/div>\n        \t\t\t\t<\/div>\n\t\t\t\t<\/div>\n\t\t\t\t<div class=\"elementor-element elementor-element-0e9b68a elementor-widget elementor-widget-meafe-team\" data-id=\"0e9b68a\" data-element_type=\"widget\" data-widget_type=\"meafe-team.default\">\n\t\t\t\t<div class=\"elementor-widget-container\">\n\t\t\t\t\t        <div class=\"meafe-team-wrapper-main layout-2\">\n            <div class=\"meafe-team-inner-wrap\">\n                <div class=\"meafe-team-wrap\">\n\n                    \n                                            <div class=\"meafe-team-fig\">\n                            <figure class=\"meafe-member-figure\">\n                                <img decoding=\"async\" width=\"584\" height=\"740\" src=\"https:\/\/www.ecolelafermette.be\/wp-content\/uploads\/2024\/05\/W3125-1245-00081-e1720473866598.jpg\" class=\"attachment-large size-large wp-image-5961\" alt=\"\" srcset=\"https:\/\/www.ecolelafermette.be\/wp-content\/uploads\/2024\/05\/W3125-1245-00081-e1720473866598.jpg 584w, https:\/\/www.ecolelafermette.be\/wp-content\/uploads\/2024\/05\/W3125-1245-00081-e1720473866598-237x300.jpg 237w, https:\/\/www.ecolelafermette.be\/wp-content\/uploads\/2024\/05\/W3125-1245-00081-e1720473866598-360x455.jpg 360w\" sizes=\"(max-width: 584px) 100vw, 584px\" \/>                            <\/figure>\n                        <\/div>\n                    \n                    <div class=\"meafe-member-body\">\n                        <h3 class=\"meafe-member-name\">Ingrid<\/h3>\n                                                    <div class=\"meafe-member-position\">Encadrement<\/div>\n                                                \n                        \n                         \n\n                                               \n                    <\/div>\n\n                    \n                    \n                                    <\/div>\n            <\/div>\n        <\/div>\n        \t\t\t\t<\/div>\n\t\t\t\t<\/div>\n\t\t\t\t<div class=\"elementor-element elementor-element-a3d86f0 elementor-widget elementor-widget-meafe-team\" data-id=\"a3d86f0\" data-element_type=\"widget\" data-widget_type=\"meafe-team.default\">\n\t\t\t\t<div class=\"elementor-widget-container\">\n\t\t\t\t\t        <div class=\"meafe-team-wrapper-main layout-2\">\n            <div class=\"meafe-team-inner-wrap\">\n                <div class=\"meafe-team-wrap\">\n\n                    \n                                            <div class=\"meafe-team-fig\">\n                            <figure class=\"meafe-member-figure\">\n                                <img decoding=\"async\" width=\"584\" height=\"740\" src=\"https:\/\/www.ecolelafermette.be\/wp-content\/uploads\/2024\/05\/W3125-1245-00082-e1720473836611.jpg\" class=\"attachment-large size-large wp-image-5962\" alt=\"\" srcset=\"https:\/\/www.ecolelafermette.be\/wp-content\/uploads\/2024\/05\/W3125-1245-00082-e1720473836611.jpg 584w, https:\/\/www.ecolelafermette.be\/wp-content\/uploads\/2024\/05\/W3125-1245-00082-e1720473836611-237x300.jpg 237w, https:\/\/www.ecolelafermette.be\/wp-content\/uploads\/2024\/05\/W3125-1245-00082-e1720473836611-360x455.jpg 360w\" sizes=\"(max-width: 584px) 100vw, 584px\" \/>                            <\/figure>\n                        <\/div>\n                    \n                    <div class=\"meafe-member-body\">\n                        <h3 class=\"meafe-member-name\">Isabelle<\/h3>\n                                                    <div class=\"meafe-member-position\">Encadrement<\/div>\n                                                \n                        \n                         \n\n                                               \n                    <\/div>\n\n                    \n                    \n                                    <\/div>\n            <\/div>\n        <\/div>\n        \t\t\t\t<\/div>\n\t\t\t\t<\/div>\n\t\t\t\t<div class=\"elementor-element elementor-element-868a7be elementor-widget elementor-widget-meafe-team\" data-id=\"868a7be\" data-element_type=\"widget\" data-widget_type=\"meafe-team.default\">\n\t\t\t\t<div class=\"elementor-widget-container\">\n\t\t\t\t\t        <div class=\"meafe-team-wrapper-main layout-2\">\n            <div class=\"meafe-team-inner-wrap\">\n                <div class=\"meafe-team-wrap\">\n\n                    \n                                            <div class=\"meafe-team-fig\">\n                            <figure class=\"meafe-member-figure\">\n                                <img loading=\"lazy\" decoding=\"async\" width=\"584\" height=\"740\" src=\"https:\/\/www.ecolelafermette.be\/wp-content\/uploads\/2024\/05\/W3125-1245-00115-e1720473919950.jpg\" class=\"attachment-large size-large wp-image-5952\" alt=\"\" srcset=\"https:\/\/www.ecolelafermette.be\/wp-content\/uploads\/2024\/05\/W3125-1245-00115-e1720473919950.jpg 584w, https:\/\/www.ecolelafermette.be\/wp-content\/uploads\/2024\/05\/W3125-1245-00115-e1720473919950-237x300.jpg 237w, https:\/\/www.ecolelafermette.be\/wp-content\/uploads\/2024\/05\/W3125-1245-00115-e1720473919950-360x455.jpg 360w\" sizes=\"(max-width: 584px) 100vw, 584px\" \/>                            <\/figure>\n                        <\/div>\n                    \n                    <div class=\"meafe-member-body\">\n                        <h3 class=\"meafe-member-name\">Mika<\/h3>\n                                                    <div class=\"meafe-member-position\">Encadrement<\/div>\n                                                \n                        \n                         \n\n                                               \n                    <\/div>\n\n                    \n                    \n                                    <\/div>\n            <\/div>\n        <\/div>\n        \t\t\t\t<\/div>\n\t\t\t\t<\/div>\n\t\t\t\t<div class=\"elementor-element elementor-element-f8ac4fe elementor-widget elementor-widget-meafe-team\" data-id=\"f8ac4fe\" data-element_type=\"widget\" data-widget_type=\"meafe-team.default\">\n\t\t\t\t<div class=\"elementor-widget-container\">\n\t\t\t\t\t        <div class=\"meafe-team-wrapper-main layout-2\">\n            <div class=\"meafe-team-inner-wrap\">\n                <div class=\"meafe-team-wrap\">\n\n                    \n                                            <div class=\"meafe-team-fig\">\n                            <figure class=\"meafe-member-figure\">\n                                <img loading=\"lazy\" decoding=\"async\" width=\"135\" height=\"114\" src=\"https:\/\/www.ecolelafermette.be\/wp-content\/uploads\/2024\/05\/cropped-logo150x150.jpg\" class=\"attachment-large size-large wp-image-6007\" alt=\"Charline Lesuisse\" \/>                            <\/figure>\n                        <\/div>\n                    \n                    <div class=\"meafe-member-body\">\n                        <h3 class=\"meafe-member-name\">Runa<\/h3>\n                                                    <div class=\"meafe-member-position\">Encadrement<\/div>\n                                                \n                        \n                         \n\n                                               \n                    <\/div>\n\n                    \n                    \n                                    <\/div>\n            <\/div>\n        <\/div>\n        \t\t\t\t<\/div>\n\t\t\t\t<\/div>\n\t\t\t\t<div class=\"elementor-element elementor-element-df9b2ae elementor-widget elementor-widget-meafe-team\" data-id=\"df9b2ae\" data-element_type=\"widget\" data-widget_type=\"meafe-team.default\">\n\t\t\t\t<div class=\"elementor-widget-container\">\n\t\t\t\t\t        <div class=\"meafe-team-wrapper-main layout-2\">\n            <div class=\"meafe-team-inner-wrap\">\n                <div class=\"meafe-team-wrap\">\n\n                    \n                                            <div class=\"meafe-team-fig\">\n                            <figure class=\"meafe-member-figure\">\n                                <img loading=\"lazy\" decoding=\"async\" width=\"584\" height=\"740\" src=\"https:\/\/www.ecolelafermette.be\/wp-content\/uploads\/2024\/05\/W3125-1245-00080-e1720473888749.jpg\" class=\"attachment-large size-large wp-image-5960\" alt=\"\" srcset=\"https:\/\/www.ecolelafermette.be\/wp-content\/uploads\/2024\/05\/W3125-1245-00080-e1720473888749.jpg 584w, https:\/\/www.ecolelafermette.be\/wp-content\/uploads\/2024\/05\/W3125-1245-00080-e1720473888749-237x300.jpg 237w, https:\/\/www.ecolelafermette.be\/wp-content\/uploads\/2024\/05\/W3125-1245-00080-e1720473888749-360x455.jpg 360w\" sizes=\"(max-width: 584px) 100vw, 584px\" \/>                            <\/figure>\n                        <\/div>\n                    \n                    <div class=\"meafe-member-body\">\n                        <h3 class=\"meafe-member-name\">Emeka<\/h3>\n                                                    <div class=\"meafe-member-position\">Entretien<\/div>\n                                                \n                        \n                         \n\n                                               \n                    <\/div>\n\n                    \n                    \n                                    <\/div>\n            <\/div>\n        <\/div>\n        \t\t\t\t<\/div>\n\t\t\t\t<\/div>\n\t\t\t\t<\/div>\n\t\t\t\t\t<\/div>\n\t\t\t\t<\/div>\n\t\t<div class=\"elementor-element elementor-element-ad1ee17 e-flex e-con-boxed e-con e-parent\" data-id=\"ad1ee17\" data-element_type=\"container\">\n\t\t\t\t\t<div class=\"e-con-inner\">\n\t\t\t\t<div class=\"elementor-element elementor-element-46f2e24 elementor-widget-divider--view-line elementor-widget elementor-widget-divider\" data-id=\"46f2e24\" data-element_type=\"widget\" data-widget_type=\"divider.default\">\n\t\t\t\t<div class=\"elementor-widget-container\">\n\t\t\t\t\t\t\t<div class=\"elementor-divider\">\n\t\t\t<span class=\"elementor-divider-separator\">\n\t\t\t\t\t\t<\/span>\n\t\t<\/div>\n\t\t\t\t\t\t<\/div>\n\t\t\t\t<\/div>\n\t\t\t\t\t<\/div>\n\t\t\t\t<\/div>\n\t\t<div class=\"elementor-element elementor-element-fc223dd e-flex e-con-boxed e-con e-parent\" data-id=\"fc223dd\" data-element_type=\"container\">\n\t\t\t\t\t<div class=\"e-con-inner\">\n\t\t\t\t\t<\/div>\n\t\t\t\t<\/div>\n\t\t<div class=\"elementor-element elementor-element-86719f6 e-flex e-con-boxed e-con e-parent\" data-id=\"86719f6\" data-element_type=\"container\">\n\t\t\t\t\t<div class=\"e-con-inner\">\n\t\t\t\t<div class=\"elementor-element elementor-element-dd2d823 elementor-widget elementor-widget-text-editor\" data-id=\"dd2d823\" data-element_type=\"widget\" data-widget_type=\"text-editor.default\">\n\t\t\t\t<div class=\"elementor-widget-container\">\n\t\t\t\t\t\t\t\t\t<p><u><b>Personnel technique \/ soci\u00e9t\u00e9s externes :<\/b><\/u><\/p><p>TCO : responsable des repas<\/p><p>ISS : entretien des locaux<\/p>\t\t\t\t\t\t\t\t<\/div>\n\t\t\t\t<\/div>\n\t\t\t\t\t<\/div>\n\t\t\t\t<\/div>\n\t\t<div class=\"elementor-element elementor-element-ed46fe0 e-flex e-con-boxed e-con e-parent\" data-id=\"ed46fe0\" data-element_type=\"container\">\n\t\t\t\t\t<div class=\"e-con-inner\">\n\t\t\t\t\t<\/div>\n\t\t\t\t<\/div>\n\t\t\t\t<\/div>\n\t\t","protected":false},"excerpt":{"rendered":"<p>Equipe technique L&rsquo;\u00e9cole peut compter au niveau de la garderie, de la cuisine et de l&rsquo;entretien sur une \u00e9quipe d\u00e9vou\u00e9e. &hellip; <\/p>\n","protected":false},"author":1,"featured_media":0,"parent":0,"menu_order":0,"comment_status":"closed","ping_status":"closed","template":"elementor_header_footer","meta":{"footnotes":""},"class_list":["post-5854","page","type-page","status-publish","hentry","latest_post"],"_links":{"self":[{"href":"https:\/\/www.ecolelafermette.be\/index.php?rest_route=\/wp\/v2\/pages\/5854","targetHints":{"allow":["GET"]}}],"collection":[{"href":"https:\/\/www.ecolelafermette.be\/index.php?rest_route=\/wp\/v2\/pages"}],"about":[{"href":"https:\/\/www.ecolelafermette.be\/index.php?rest_route=\/wp\/v2\/types\/page"}],"author":[{"embeddable":true,"href":"https:\/\/www.ecolelafermette.be\/index.php?rest_route=\/wp\/v2\/users\/1"}],"replies":[{"embeddable":true,"href":"https:\/\/www.ecolelafermette.be\/index.php?rest_route=%2Fwp%2Fv2%2Fcomments&post=5854"}],"version-history":[{"count":34,"href":"https:\/\/www.ecolelafermette.be\/index.php?rest_route=\/wp\/v2\/pages\/5854\/revisions"}],"predecessor-version":[{"id":7088,"href":"https:\/\/www.ecolelafermette.be\/index.php?rest_route=\/wp\/v2\/pages\/5854\/revisions\/7088"}],"wp:attachment":[{"href":"https:\/\/www.ecolelafermette.be\/index.php?rest_route=%2Fwp%2Fv2%2Fmedia&parent=5854"}],"curies":[{"name":"wp","href":"https:\/\/api.w.org\/{rel}","templated":true}]}}