{"id":5771,"date":"2024-04-23T14:15:39","date_gmt":"2024-04-23T12:15:39","guid":{"rendered":"https:\/\/lafermette.novatris.be\/?page_id=5771"},"modified":"2024-07-07T17:55:01","modified_gmt":"2024-07-07T15:55:01","slug":"inscription","status":"publish","type":"page","link":"https:\/\/www.ecolelafermette.be\/?page_id=5771","title":{"rendered":"Inscription"},"content":{"rendered":"\t\t<div data-elementor-type=\"wp-page\" data-elementor-id=\"5771\" class=\"elementor elementor-5771\">\n\t\t\t\t<div class=\"elementor-element elementor-element-686ec62 e-flex e-con-boxed e-con e-parent\" data-id=\"686ec62\" data-element_type=\"container\">\n\t\t\t\t\t<div class=\"e-con-inner\">\n\t\t\t\t<div class=\"elementor-element elementor-element-a829ded elementor-widget elementor-widget-heading\" data-id=\"a829ded\" data-element_type=\"widget\" data-widget_type=\"heading.default\">\n\t\t\t\t<div class=\"elementor-widget-container\">\n\t\t\t\t\t<h2 class=\"elementor-heading-title elementor-size-default\">Inscription<\/h2>\t\t\t\t<\/div>\n\t\t\t\t<\/div>\n\t\t\t\t\t<\/div>\n\t\t\t\t<\/div>\n\t\t<div class=\"elementor-element elementor-element-7dbfed1 e-flex e-con-boxed e-con e-parent\" data-id=\"7dbfed1\" data-element_type=\"container\">\n\t\t\t\t\t<div class=\"e-con-inner\">\n\t\t\t\t<div class=\"elementor-element elementor-element-e3dcf0b elementor-widget elementor-widget-text-editor\" data-id=\"e3dcf0b\" data-element_type=\"widget\" data-widget_type=\"text-editor.default\">\n\t\t\t\t<div class=\"elementor-widget-container\">\n\t\t\t\t\t\t\t\t\t<p>L\u2019inscription dans notre \u00e9cole est r\u00e9serv\u00e9e aux enfants officiellement domicili\u00e9s dans une des commune \u00e0 facilit\u00e9s de la p\u00e9riph\u00e9rie bruxelloise. (Lois linguistiques de 1963). Pour toute demande d\u2019inscription, merci d\u2019envoyer votre demande par mail avec les noms, pr\u00e9noms, date de naissance de votre enfant ainsi que votre num\u00e9ro de t\u00e9l\u00e9phone. Nous vous recontacterons pour fixer un rendez-vous et nous rencontrer.<\/p>\t\t\t\t\t\t\t\t<\/div>\n\t\t\t\t<\/div>\n\t\t\t\t\t<\/div>\n\t\t\t\t<\/div>\n\t\t<div class=\"elementor-element elementor-element-942bc5e e-flex e-con-boxed e-con e-parent\" data-id=\"942bc5e\" data-element_type=\"container\">\n\t\t\t\t\t<div class=\"e-con-inner\">\n\t\t\t\t\t<\/div>\n\t\t\t\t<\/div>\n\t\t\t\t<\/div>\n\t\t","protected":false},"excerpt":{"rendered":"<p>Inscription L\u2019inscription dans notre \u00e9cole est r\u00e9serv\u00e9e aux enfants officiellement domicili\u00e9s dans une des commune \u00e0 facilit\u00e9s de la p\u00e9riph\u00e9rie &hellip; <\/p>\n","protected":false},"author":1,"featured_media":0,"parent":0,"menu_order":0,"comment_status":"closed","ping_status":"closed","template":"elementor_header_footer","meta":{"footnotes":""},"class_list":["post-5771","page","type-page","status-publish","hentry","latest_post"],"_links":{"self":[{"href":"https:\/\/www.ecolelafermette.be\/index.php?rest_route=\/wp\/v2\/pages\/5771","targetHints":{"allow":["GET"]}}],"collection":[{"href":"https:\/\/www.ecolelafermette.be\/index.php?rest_route=\/wp\/v2\/pages"}],"about":[{"href":"https:\/\/www.ecolelafermette.be\/index.php?rest_route=\/wp\/v2\/types\/page"}],"author":[{"embeddable":true,"href":"https:\/\/www.ecolelafermette.be\/index.php?rest_route=\/wp\/v2\/users\/1"}],"replies":[{"embeddable":true,"href":"https:\/\/www.ecolelafermette.be\/index.php?rest_route=%2Fwp%2Fv2%2Fcomments&post=5771"}],"version-history":[{"count":10,"href":"https:\/\/www.ecolelafermette.be\/index.php?rest_route=\/wp\/v2\/pages\/5771\/revisions"}],"predecessor-version":[{"id":6661,"href":"https:\/\/www.ecolelafermette.be\/index.php?rest_route=\/wp\/v2\/pages\/5771\/revisions\/6661"}],"wp:attachment":[{"href":"https:\/\/www.ecolelafermette.be\/index.php?rest_route=%2Fwp%2Fv2%2Fmedia&parent=5771"}],"curies":[{"name":"wp","href":"https:\/\/api.w.org\/{rel}","templated":true}]}}