{"id":5752,"date":"2024-04-23T14:05:48","date_gmt":"2024-04-23T12:05:48","guid":{"rendered":"https:\/\/lafermette.novatris.be\/?page_id=5752"},"modified":"2025-10-24T13:22:08","modified_gmt":"2025-10-24T11:22:08","slug":"equipes-administration","status":"publish","type":"page","link":"https:\/\/www.ecolelafermette.be\/?page_id=5752","title":{"rendered":"Equipes &#8211; Direction"},"content":{"rendered":"\t\t<div data-elementor-type=\"wp-page\" data-elementor-id=\"5752\" class=\"elementor elementor-5752\">\n\t\t\t\t\t\t<section class=\"elementor-section elementor-top-section elementor-element elementor-element-4682e24 elementor-section-boxed elementor-section-height-default elementor-section-height-default\" data-id=\"4682e24\" data-element_type=\"section\">\n\t\t\t\t\t\t<div class=\"elementor-container elementor-column-gap-default\">\n\t\t\t\t\t<div class=\"elementor-column elementor-col-100 elementor-top-column elementor-element elementor-element-9c5ebfe\" data-id=\"9c5ebfe\" data-element_type=\"column\">\n\t\t\t<div class=\"elementor-widget-wrap elementor-element-populated\">\n\t\t\t\t\t\t<div class=\"elementor-element elementor-element-2cd1533 bg-prrimary-color-opacity-5 elementor-widget elementor-widget-heading\" data-id=\"2cd1533\" data-element_type=\"widget\" data-widget_type=\"heading.default\">\n\t\t\t\t<div class=\"elementor-widget-container\">\n\t\t\t\t\t<h1 class=\"elementor-heading-title elementor-size-default\">Direction et secr\u00e9tariat<\/h1>\t\t\t\t<\/div>\n\t\t\t\t<\/div>\n\t\t\t\t<section class=\"elementor-section elementor-inner-section elementor-element elementor-element-deefa4d elementor-section-content-middle animated-slow elementor-section-boxed elementor-section-height-default elementor-section-height-default elementor-invisible\" data-id=\"deefa4d\" data-element_type=\"section\" data-settings=\"{&quot;animation&quot;:&quot;fadeIn&quot;}\">\n\t\t\t\t\t\t<div class=\"elementor-container elementor-column-gap-default\">\n\t\t\t\t\t<div class=\"elementor-column elementor-col-33 elementor-inner-column elementor-element elementor-element-5ebacb5\" data-id=\"5ebacb5\" data-element_type=\"column\">\n\t\t\t<div class=\"elementor-widget-wrap elementor-element-populated\">\n\t\t\t\t\t\t<div class=\"elementor-element elementor-element-1db4cd3 elementor-widget elementor-widget-image\" data-id=\"1db4cd3\" data-element_type=\"widget\" data-widget_type=\"image.default\">\n\t\t\t\t<div class=\"elementor-widget-container\">\n\t\t\t\t\t\t\t\t\t\t\t\t\t\t\t<img fetchpriority=\"high\" decoding=\"async\" width=\"750\" height=\"1000\" src=\"https:\/\/www.ecolelafermette.be\/wp-content\/uploads\/2025\/10\/WhatsApp-Image-2025-10-23-a-10.29.20_e3ab8682-768x1024.jpg\" class=\"elementor-animation-float attachment-large size-large wp-image-7193\" alt=\"\" srcset=\"https:\/\/www.ecolelafermette.be\/wp-content\/uploads\/2025\/10\/WhatsApp-Image-2025-10-23-a-10.29.20_e3ab8682-768x1024.jpg 768w, https:\/\/www.ecolelafermette.be\/wp-content\/uploads\/2025\/10\/WhatsApp-Image-2025-10-23-a-10.29.20_e3ab8682-225x300.jpg 225w, https:\/\/www.ecolelafermette.be\/wp-content\/uploads\/2025\/10\/WhatsApp-Image-2025-10-23-a-10.29.20_e3ab8682-1152x1536.jpg 1152w, https:\/\/www.ecolelafermette.be\/wp-content\/uploads\/2025\/10\/WhatsApp-Image-2025-10-23-a-10.29.20_e3ab8682.jpg 1536w\" sizes=\"(max-width: 750px) 100vw, 750px\" \/>\t\t\t\t\t\t\t\t\t\t\t\t\t\t\t<\/div>\n\t\t\t\t<\/div>\n\t\t\t\t<div class=\"elementor-element elementor-element-beb5a1f elementor-widget elementor-widget-heading\" data-id=\"beb5a1f\" data-element_type=\"widget\" data-widget_type=\"heading.default\">\n\t\t\t\t<div class=\"elementor-widget-container\">\n\t\t\t\t\t<h3 class=\"elementor-heading-title elementor-size-default\">M\u00e9lanie David<\/h3>\t\t\t\t<\/div>\n\t\t\t\t<\/div>\n\t\t\t\t<div class=\"elementor-element elementor-element-b6ef762 elementor-widget-laptop__width-initial elementor-widget elementor-widget-text-editor\" data-id=\"b6ef762\" data-element_type=\"widget\" data-widget_type=\"text-editor.default\">\n\t\t\t\t<div class=\"elementor-widget-container\">\n\t\t\t\t\t\t\t\t\t<h5><b>Co-directrice<\/b><\/h5><p><span lang=\"FR\" style=\"font-size: 11.0pt; font-family: 'Comic Sans MS'; mso-fareast-font-family: 'Times New Roman'; mso-bidi-font-family: 'Times New Roman'; mso-ansi-language: FR; mso-fareast-language: FR; mso-bidi-language: AR-SA;\">Responsable du fonctionnement de l\u2019\u00e9quipe \u00e9ducative<\/span><br \/><em>direction@ecolelafermette.be<br \/><\/em><\/p><div style=\"text-align: center; text-indent: 0px;\"><span style=\"font-family: 'Comic Sans MS'; font-size: 11pt; text-align: justify; text-indent: 35.4pt; font-style: normal;\">T\u00e9l : 02\/731.74.86<\/span><\/div><div style=\"text-align: center; text-indent: 0px;\"><span style=\"font-family: 'Comic Sans MS'; font-size: 11pt; text-indent: 35.4pt; text-align: justify; font-style: normal;\">GSM : 0499\/519133<\/span><span style=\"font-family: 'Comic Sans MS'; font-size: 11pt; text-align: justify; text-indent: 35.4pt; font-style: normal;\"><br \/><\/span><\/div>\t\t\t\t\t\t\t\t<\/div>\n\t\t\t\t<\/div>\n\t\t\t\t\t<\/div>\n\t\t<\/div>\n\t\t\t\t<div class=\"elementor-column elementor-col-33 elementor-inner-column elementor-element elementor-element-3955605\" data-id=\"3955605\" data-element_type=\"column\">\n\t\t\t<div class=\"elementor-widget-wrap elementor-element-populated\">\n\t\t\t\t\t\t<div class=\"elementor-element elementor-element-53d960d elementor-widget-laptop__width-initial e-transform elementor-widget elementor-widget-image\" data-id=\"53d960d\" data-element_type=\"widget\" data-settings=\"{&quot;_transform_scale_effect&quot;:{&quot;unit&quot;:&quot;px&quot;,&quot;size&quot;:1,&quot;sizes&quot;:[]},&quot;_transform_scale_effect_laptop&quot;:{&quot;unit&quot;:&quot;px&quot;,&quot;size&quot;:&quot;&quot;,&quot;sizes&quot;:[]},&quot;_transform_scale_effect_tablet&quot;:{&quot;unit&quot;:&quot;px&quot;,&quot;size&quot;:&quot;&quot;,&quot;sizes&quot;:[]},&quot;_transform_scale_effect_mobile_extra&quot;:{&quot;unit&quot;:&quot;px&quot;,&quot;size&quot;:&quot;&quot;,&quot;sizes&quot;:[]},&quot;_transform_scale_effect_mobile&quot;:{&quot;unit&quot;:&quot;px&quot;,&quot;size&quot;:&quot;&quot;,&quot;sizes&quot;:[]}}\" data-widget_type=\"image.default\">\n\t\t\t\t<div class=\"elementor-widget-container\">\n\t\t\t\t\t\t\t\t\t\t\t\t\t\t\t<img decoding=\"async\" width=\"584\" height=\"699\" src=\"https:\/\/www.ecolelafermette.be\/wp-content\/uploads\/2024\/05\/W3125-1245-00107-e1720465893429.jpg\" class=\"elementor-animation-float attachment-large size-large wp-image-5987\" alt=\"Claire Wyns\" srcset=\"https:\/\/www.ecolelafermette.be\/wp-content\/uploads\/2024\/05\/W3125-1245-00107-e1720465893429.jpg 584w, https:\/\/www.ecolelafermette.be\/wp-content\/uploads\/2024\/05\/W3125-1245-00107-e1720465893429-251x300.jpg 251w\" sizes=\"(max-width: 584px) 100vw, 584px\" \/>\t\t\t\t\t\t\t\t\t\t\t\t\t\t\t<\/div>\n\t\t\t\t<\/div>\n\t\t\t\t<div class=\"elementor-element elementor-element-471c705 elementor-widget elementor-widget-heading\" data-id=\"471c705\" data-element_type=\"widget\" data-widget_type=\"heading.default\">\n\t\t\t\t<div class=\"elementor-widget-container\">\n\t\t\t\t\t<h3 class=\"elementor-heading-title elementor-size-default\">Claire Wyns<\/h3>\t\t\t\t<\/div>\n\t\t\t\t<\/div>\n\t\t\t\t<div class=\"elementor-element elementor-element-603b04e elementor-widget-laptop__width-initial elementor-widget elementor-widget-text-editor\" data-id=\"603b04e\" data-element_type=\"widget\" data-widget_type=\"text-editor.default\">\n\t\t\t\t<div class=\"elementor-widget-container\">\n\t\t\t\t\t\t\t\t\t<h5><b>Co-directrice<\/b><\/h5><p><span lang=\"FR\" style=\"font-size: 11.0pt; font-family: 'Comic Sans MS'; mso-fareast-font-family: 'Times New Roman'; mso-bidi-font-family: 'Times New Roman'; mso-ansi-language: FR; mso-fareast-language: FR; mso-bidi-language: AR-SA;\">Responsable du fonctionnement de l\u2019\u00e9quipe \u00e9ducative<\/span><br \/><em>direction@ecolelafermette.be<br \/><\/em><\/p><div style=\"text-align: center; text-indent: 0px;\"><span style=\"font-family: 'Comic Sans MS'; font-size: 11pt; text-align: justify; text-indent: 35.4pt; font-style: normal;\">T\u00e9l : 02\/731.74.86<\/span><\/div><div style=\"text-align: center; text-indent: 0px;\"><span style=\"font-family: 'Comic Sans MS'; font-size: 11pt; text-indent: 35.4pt; text-align: justify; font-style: normal;\">GSM : 0499\/519133<\/span><span style=\"font-family: 'Comic Sans MS'; font-size: 11pt; text-align: justify; text-indent: 35.4pt; font-style: normal;\"><br \/><\/span><\/div>\t\t\t\t\t\t\t\t<\/div>\n\t\t\t\t<\/div>\n\t\t\t\t\t<\/div>\n\t\t<\/div>\n\t\t\t\t<div class=\"elementor-column elementor-col-33 elementor-inner-column elementor-element elementor-element-a0bc7b4\" data-id=\"a0bc7b4\" data-element_type=\"column\">\n\t\t\t<div class=\"elementor-widget-wrap elementor-element-populated\">\n\t\t\t\t\t\t<div class=\"elementor-element elementor-element-6e046eb elementor-widget-laptop__width-initial e-transform elementor-widget elementor-widget-image\" data-id=\"6e046eb\" data-element_type=\"widget\" data-settings=\"{&quot;_transform_scale_effect&quot;:{&quot;unit&quot;:&quot;px&quot;,&quot;size&quot;:1,&quot;sizes&quot;:[]},&quot;_transform_scale_effect_laptop&quot;:{&quot;unit&quot;:&quot;px&quot;,&quot;size&quot;:&quot;&quot;,&quot;sizes&quot;:[]},&quot;_transform_scale_effect_tablet&quot;:{&quot;unit&quot;:&quot;px&quot;,&quot;size&quot;:&quot;&quot;,&quot;sizes&quot;:[]},&quot;_transform_scale_effect_mobile_extra&quot;:{&quot;unit&quot;:&quot;px&quot;,&quot;size&quot;:&quot;&quot;,&quot;sizes&quot;:[]},&quot;_transform_scale_effect_mobile&quot;:{&quot;unit&quot;:&quot;px&quot;,&quot;size&quot;:&quot;&quot;,&quot;sizes&quot;:[]}}\" data-widget_type=\"image.default\">\n\t\t\t\t<div class=\"elementor-widget-container\">\n\t\t\t\t\t\t\t\t\t\t\t\t\t\t\t<img decoding=\"async\" width=\"750\" height=\"929\" src=\"https:\/\/www.ecolelafermette.be\/wp-content\/uploads\/2024\/04\/people-gerald-plissart-small-827x1024.jpeg\" class=\"elementor-animation-float attachment-large size-large wp-image-5817\" alt=\"G\u00e9rald Plissart\" srcset=\"https:\/\/www.ecolelafermette.be\/wp-content\/uploads\/2024\/04\/people-gerald-plissart-small-827x1024.jpeg 827w, https:\/\/www.ecolelafermette.be\/wp-content\/uploads\/2024\/04\/people-gerald-plissart-small-242x300.jpeg 242w, https:\/\/www.ecolelafermette.be\/wp-content\/uploads\/2024\/04\/people-gerald-plissart-small-768x950.jpeg 768w, https:\/\/www.ecolelafermette.be\/wp-content\/uploads\/2024\/04\/people-gerald-plissart-small-1241x1536.jpeg 1241w, https:\/\/www.ecolelafermette.be\/wp-content\/uploads\/2024\/04\/people-gerald-plissart-small-293x363.jpeg 293w, https:\/\/www.ecolelafermette.be\/wp-content\/uploads\/2024\/04\/people-gerald-plissart-small-767x950.jpeg 767w, https:\/\/www.ecolelafermette.be\/wp-content\/uploads\/2024\/04\/people-gerald-plissart-small.jpeg 1364w\" sizes=\"(max-width: 750px) 100vw, 750px\" \/>\t\t\t\t\t\t\t\t\t\t\t\t\t\t\t<\/div>\n\t\t\t\t<\/div>\n\t\t\t\t<div class=\"elementor-element elementor-element-02bd259 elementor-widget elementor-widget-heading\" data-id=\"02bd259\" data-element_type=\"widget\" data-widget_type=\"heading.default\">\n\t\t\t\t<div class=\"elementor-widget-container\">\n\t\t\t\t\t<h3 class=\"elementor-heading-title elementor-size-default\">G\u00e9rald Plissart<\/h3>\t\t\t\t<\/div>\n\t\t\t\t<\/div>\n\t\t\t\t<div class=\"elementor-element elementor-element-f1adc53 elementor-widget-laptop__width-initial elementor-widget elementor-widget-text-editor\" data-id=\"f1adc53\" data-element_type=\"widget\" data-widget_type=\"text-editor.default\">\n\t\t\t\t<div class=\"elementor-widget-container\">\n\t\t\t\t\t\t\t\t\t<h5><b>Secr\u00e9taire<\/b><\/h5><p><em><br \/>secretariat@ecolelafermette.be<\/em><\/p><div style=\"text-align: center; text-indent: 0px;\"><span style=\"font-family: 'Comic Sans MS'; font-size: 11pt; text-align: justify; text-indent: 35.4pt; font-style: normal;\">T\u00e9l : 02\/731.74.86<\/span><\/div>\t\t\t\t\t\t\t\t<\/div>\n\t\t\t\t<\/div>\n\t\t\t\t\t<\/div>\n\t\t<\/div>\n\t\t\t\t\t<\/div>\n\t\t<\/section>\n\t\t\t\t\t<\/div>\n\t\t<\/div>\n\t\t\t\t\t<\/div>\n\t\t<\/section>\n\t\t\t\t<\/div>\n\t\t","protected":false},"excerpt":{"rendered":"<p>Direction et secr\u00e9tariat M\u00e9lanie David Co-directrice Responsable du fonctionnement de l\u2019\u00e9quipe \u00e9ducativedirection@ecolelafermette.be T\u00e9l : 02\/731.74.86GSM : 0499\/519133 Claire Wyns Co-directrice &hellip; <\/p>\n","protected":false},"author":1,"featured_media":0,"parent":0,"menu_order":0,"comment_status":"closed","ping_status":"closed","template":"elementor_header_footer","meta":{"footnotes":""},"class_list":["post-5752","page","type-page","status-publish","hentry","latest_post"],"_links":{"self":[{"href":"https:\/\/www.ecolelafermette.be\/index.php?rest_route=\/wp\/v2\/pages\/5752","targetHints":{"allow":["GET"]}}],"collection":[{"href":"https:\/\/www.ecolelafermette.be\/index.php?rest_route=\/wp\/v2\/pages"}],"about":[{"href":"https:\/\/www.ecolelafermette.be\/index.php?rest_route=\/wp\/v2\/types\/page"}],"author":[{"embeddable":true,"href":"https:\/\/www.ecolelafermette.be\/index.php?rest_route=\/wp\/v2\/users\/1"}],"replies":[{"embeddable":true,"href":"https:\/\/www.ecolelafermette.be\/index.php?rest_route=%2Fwp%2Fv2%2Fcomments&post=5752"}],"version-history":[{"count":32,"href":"https:\/\/www.ecolelafermette.be\/index.php?rest_route=\/wp\/v2\/pages\/5752\/revisions"}],"predecessor-version":[{"id":7219,"href":"https:\/\/www.ecolelafermette.be\/index.php?rest_route=\/wp\/v2\/pages\/5752\/revisions\/7219"}],"wp:attachment":[{"href":"https:\/\/www.ecolelafermette.be\/index.php?rest_route=%2Fwp%2Fv2%2Fmedia&parent=5752"}],"curies":[{"name":"wp","href":"https:\/\/api.w.org\/{rel}","templated":true}]}}