{"id":5747,"date":"2024-04-23T14:02:07","date_gmt":"2024-04-23T12:02:07","guid":{"rendered":"https:\/\/lafermette.novatris.be\/?page_id=5747"},"modified":"2025-10-24T13:19:30","modified_gmt":"2025-10-24T11:19:30","slug":"presentation-mot-du-directeur","status":"publish","type":"page","link":"https:\/\/www.ecolelafermette.be\/?page_id=5747","title":{"rendered":"Pr\u00e9sentation &#8211; Mot du directeur"},"content":{"rendered":"\t\t<div data-elementor-type=\"wp-page\" data-elementor-id=\"5747\" class=\"elementor elementor-5747\">\n\t\t\t\t\t\t<section class=\"elementor-section elementor-top-section elementor-element elementor-element-3a118a5 elementor-section-boxed elementor-section-height-default elementor-section-height-default\" data-id=\"3a118a5\" data-element_type=\"section\">\n\t\t\t\t\t\t<div class=\"elementor-container elementor-column-gap-default\">\n\t\t\t\t\t<div class=\"elementor-column elementor-col-100 elementor-top-column elementor-element elementor-element-4daba40\" data-id=\"4daba40\" data-element_type=\"column\">\n\t\t\t<div class=\"elementor-widget-wrap elementor-element-populated\">\n\t\t\t\t\t\t<section class=\"elementor-section elementor-inner-section elementor-element elementor-element-6d595d0 elementor-section-boxed elementor-section-height-default elementor-section-height-default\" data-id=\"6d595d0\" data-element_type=\"section\">\n\t\t\t\t\t\t<div class=\"elementor-container elementor-column-gap-default\">\n\t\t\t\t\t<div class=\"elementor-column elementor-col-100 elementor-inner-column elementor-element elementor-element-fe15d1a\" data-id=\"fe15d1a\" data-element_type=\"column\">\n\t\t\t<div class=\"elementor-widget-wrap elementor-element-populated\">\n\t\t\t\t\t\t<div class=\"elementor-element elementor-element-f164d2c elementor-widget-mobile__width-inherit elementor-widget elementor-widget-heading\" data-id=\"f164d2c\" data-element_type=\"widget\" data-widget_type=\"heading.default\">\n\t\t\t\t<div class=\"elementor-widget-container\">\n\t\t\t\t\t<h2 class=\"elementor-heading-title elementor-size-default\">Mot de la Direction<\/h2>\t\t\t\t<\/div>\n\t\t\t\t<\/div>\n\t\t\t\t<div class=\"elementor-element elementor-element-c0285d9 elementor-widget-mobile__width-inherit elementor-widget__width-initial elementor-widget-laptop__width-initial elementor-widget elementor-widget-text-editor\" data-id=\"c0285d9\" data-element_type=\"widget\" data-widget_type=\"text-editor.default\">\n\t\t\t\t<div class=\"elementor-widget-container\">\n\t\t\t\t\t\t\t\t\t<p><img fetchpriority=\"high\" decoding=\"async\" class=\"alignright wp-image-7205 size-large\" src=\"https:\/\/www.ecolelafermette.be\/wp-content\/uploads\/2025\/10\/WhatsApp-Image-2025-10-23-a-09.05.28_9d92cb73-739x1024.jpg\" alt=\"\" width=\"739\" height=\"1024\" srcset=\"https:\/\/www.ecolelafermette.be\/wp-content\/uploads\/2025\/10\/WhatsApp-Image-2025-10-23-a-09.05.28_9d92cb73-739x1024.jpg 739w, https:\/\/www.ecolelafermette.be\/wp-content\/uploads\/2025\/10\/WhatsApp-Image-2025-10-23-a-09.05.28_9d92cb73-216x300.jpg 216w, https:\/\/www.ecolelafermette.be\/wp-content\/uploads\/2025\/10\/WhatsApp-Image-2025-10-23-a-09.05.28_9d92cb73-768x1065.jpg 768w, https:\/\/www.ecolelafermette.be\/wp-content\/uploads\/2025\/10\/WhatsApp-Image-2025-10-23-a-09.05.28_9d92cb73-1108x1536.jpg 1108w, https:\/\/www.ecolelafermette.be\/wp-content\/uploads\/2025\/10\/WhatsApp-Image-2025-10-23-a-09.05.28_9d92cb73.jpg 1154w\" sizes=\"(max-width: 739px) 100vw, 739px\" \/><\/p><p>\u00a0<\/p><p>\u00a0<\/p><p>\u00a0<\/p><p><span lang=\"FR\">Chers parents,<\/span><\/p><p><span lang=\"FR\">C\u2019est avec plaisir que nous reprenons la direction de la Fermette dans laquelle nous avons toutes deux enseign\u00e9 pendant de nombreuses ann\u00e9es. <\/span><\/p><p><span lang=\"FR\">L\u2019une de nous y \u00e9tait m\u00eame \u00e9l\u00e8ve lorsqu\u2019elle \u00e9tait petite et nos propres enfants ont \u00e9galement eu la chance de faire partie de cette grande famille.<\/span><\/p><p><span lang=\"FR\">Nous voulons continuer de garder cet esprit convivial et chaleureux qui rend notre \u00e9cole si particuli\u00e8re et c\u2019est avec enthousiasme et \u00e9nergie que nous nous attelons \u00e0 notre nouvelle fonction afin d\u2019accompagner vos enfants dans leur d\u00e9veloppement scolaire et global.<\/span><\/p>\t\t\t\t\t\t\t\t<\/div>\n\t\t\t\t<\/div>\n\t\t\t\t<div class=\"elementor-element elementor-element-d8f6e1d elementor-widget__width-initial elementor-widget elementor-widget-image\" data-id=\"d8f6e1d\" data-element_type=\"widget\" data-widget_type=\"image.default\">\n\t\t\t\t<div class=\"elementor-widget-container\">\n\t\t\t\t\t\t\t\t\t\t\t\t\t\t\t<img decoding=\"async\" width=\"206\" height=\"132\" src=\"https:\/\/www.ecolelafermette.be\/wp-content\/uploads\/2025\/10\/signature-claire.png\" class=\"attachment-medium size-medium wp-image-7153\" alt=\"Signature Claire Wyns\" \/>\t\t\t\t\t\t\t\t\t\t\t\t\t\t\t<\/div>\n\t\t\t\t<\/div>\n\t\t\t\t<div class=\"elementor-element elementor-element-d703ea4 elementor-widget__width-initial elementor-widget elementor-widget-image\" data-id=\"d703ea4\" data-element_type=\"widget\" data-widget_type=\"image.default\">\n\t\t\t\t<div class=\"elementor-widget-container\">\n\t\t\t\t\t\t\t\t\t\t\t\t\t\t\t<img decoding=\"async\" width=\"241\" height=\"148\" src=\"https:\/\/www.ecolelafermette.be\/wp-content\/uploads\/2025\/10\/signature-melanie.png\" class=\"attachment-medium size-medium wp-image-7154\" alt=\"Signature M\u00e9lanie David\" \/>\t\t\t\t\t\t\t\t\t\t\t\t\t\t\t<\/div>\n\t\t\t\t<\/div>\n\t\t\t\t<div class=\"elementor-element elementor-element-2c5ac66 elementor-widget elementor-widget-heading\" data-id=\"2c5ac66\" data-element_type=\"widget\" data-widget_type=\"heading.default\">\n\t\t\t\t<div class=\"elementor-widget-container\">\n\t\t\t\t\t<h3 class=\"elementor-heading-title elementor-size-default\">Claire Wyns et M\u00e9lanie David<\/h3>\t\t\t\t<\/div>\n\t\t\t\t<\/div>\n\t\t\t\t<div class=\"elementor-element elementor-element-b828fc9 elementor-widget-mobile__width-inherit elementor-widget elementor-widget-text-editor\" data-id=\"b828fc9\" data-element_type=\"widget\" data-widget_type=\"text-editor.default\">\n\t\t\t\t<div class=\"elementor-widget-container\">\n\t\t\t\t\t\t\t\t\t<p>Co-directrices<\/p>\t\t\t\t\t\t\t\t<\/div>\n\t\t\t\t<\/div>\n\t\t\t\t\t<\/div>\n\t\t<\/div>\n\t\t\t\t\t<\/div>\n\t\t<\/section>\n\t\t\t\t\t<\/div>\n\t\t<\/div>\n\t\t\t\t\t<\/div>\n\t\t<\/section>\n\t\t\t\t<\/div>\n\t\t","protected":false},"excerpt":{"rendered":"<p>Mot de la Direction \u00a0 \u00a0 \u00a0 Chers parents, C\u2019est avec plaisir que nous reprenons la direction de la Fermette &hellip; <\/p>\n","protected":false},"author":1,"featured_media":0,"parent":0,"menu_order":0,"comment_status":"closed","ping_status":"closed","template":"elementor_header_footer","meta":{"footnotes":""},"class_list":["post-5747","page","type-page","status-publish","hentry","latest_post"],"_links":{"self":[{"href":"https:\/\/www.ecolelafermette.be\/index.php?rest_route=\/wp\/v2\/pages\/5747","targetHints":{"allow":["GET"]}}],"collection":[{"href":"https:\/\/www.ecolelafermette.be\/index.php?rest_route=\/wp\/v2\/pages"}],"about":[{"href":"https:\/\/www.ecolelafermette.be\/index.php?rest_route=\/wp\/v2\/types\/page"}],"author":[{"embeddable":true,"href":"https:\/\/www.ecolelafermette.be\/index.php?rest_route=\/wp\/v2\/users\/1"}],"replies":[{"embeddable":true,"href":"https:\/\/www.ecolelafermette.be\/index.php?rest_route=%2Fwp%2Fv2%2Fcomments&post=5747"}],"version-history":[{"count":64,"href":"https:\/\/www.ecolelafermette.be\/index.php?rest_route=\/wp\/v2\/pages\/5747\/revisions"}],"predecessor-version":[{"id":7215,"href":"https:\/\/www.ecolelafermette.be\/index.php?rest_route=\/wp\/v2\/pages\/5747\/revisions\/7215"}],"wp:attachment":[{"href":"https:\/\/www.ecolelafermette.be\/index.php?rest_route=%2Fwp%2Fv2%2Fmedia&parent=5747"}],"curies":[{"name":"wp","href":"https:\/\/api.w.org\/{rel}","templated":true}]}}