{"id":5737,"date":"2024-04-23T10:11:38","date_gmt":"2024-04-23T08:11:38","guid":{"rendered":"https:\/\/lafermette.novatris.be\/?page_id=5737"},"modified":"2024-06-25T10:52:25","modified_gmt":"2024-06-25T08:52:25","slug":"projet-educatrif","status":"publish","type":"page","link":"https:\/\/www.ecolelafermette.be\/?page_id=5737","title":{"rendered":"Pr\u00e9sentation &#8211; Projet \u00e9ducatif"},"content":{"rendered":"\t\t<div data-elementor-type=\"wp-page\" data-elementor-id=\"5737\" class=\"elementor elementor-5737\">\n\t\t\t\t<div class=\"elementor-element elementor-element-bad6c7b e-flex e-con-boxed e-con e-parent\" data-id=\"bad6c7b\" data-element_type=\"container\">\n\t\t\t\t\t<div class=\"e-con-inner\">\n\t\t\t\t<div class=\"elementor-element elementor-element-5e8573d elementor-widget elementor-widget-heading\" data-id=\"5e8573d\" data-element_type=\"widget\" data-widget_type=\"heading.default\">\n\t\t\t\t<div class=\"elementor-widget-container\">\n\t\t\t\t\t<h2 class=\"elementor-heading-title elementor-size-default\">Projet \u00e9ducatif<\/h2>\t\t\t\t<\/div>\n\t\t\t\t<\/div>\n\t\t\t\t\t<\/div>\n\t\t\t\t<\/div>\n\t\t<div class=\"elementor-element elementor-element-45137f4 e-con-full e-flex e-con e-parent\" data-id=\"45137f4\" data-element_type=\"container\">\n\t\t\t\t<div class=\"elementor-element elementor-element-eed0579 elementor-widget__width-initial elementor-widget elementor-widget-text-editor\" data-id=\"eed0579\" data-element_type=\"widget\" data-widget_type=\"text-editor.default\">\n\t\t\t\t<div class=\"elementor-widget-container\">\n\t\t\t\t\t\t\t\t\t<h3>Les valeurs de notre projet \u00e9ducatif<\/h3><h5>\u00a0<\/h5><h5>L\u2019\u00e9cole telle que nous la concevons :<\/h5><div>\u00a0<\/div><ul><li>C\u2019est celle qui accompagne l\u2019enfant pour grandir, pour stimuler toutes le potentialit\u00e9s qu\u2019il porte en lui, pour devenir l\u2019artisan de son bonheur dans le respect de l\u2019autre.<\/li><li>C\u2019est celle qui respecte les diff\u00e9rences (d\u2019origine, de culture, de langue, de religion\u2026) et en tient compte.<\/li><li>C\u2019est celle qui apprend aux enfants \u00e0 devenir les citoyens d\u2019une d\u00e9mocratie, conscients de leurs droits et devoirs.<\/li><li>C\u2019est celle qui favorise la confrontation des id\u00e9es et des opinions dans le respect de tous.<\/li><li>C\u2019est celle qui d\u00e9veloppe les comportements suivants :<br \/>&#8211; l\u2019esprit critique, d\u2019initiative et l\u2019autonomie<br \/>&#8211; l\u2019entraide et la solidarit\u00e9<br \/>&#8211; le travail en groupe, l\u2019\u00e9coute et l\u2019acceptation des diff\u00e9rences, l\u2019adaptation \u00e0 la vie sociale, la prise de d\u00e9cisions communes<br \/>&#8211; la ma\u00eetrise de la communication pour r\u00e9aliser un projet commun<br \/>&#8211; le respect de soi, des autres et de l\u2019environnement<br \/>&#8211; le respect des r\u00e8gles de vie expliqu\u00e9es et \u00e9labor\u00e9es ensemble<br \/>&#8211; le sens de l\u2019effort et du travail bien fait<br \/>\u00a0<\/li><\/ul>\t\t\t\t\t\t\t\t<\/div>\n\t\t\t\t<\/div>\n\t\t\t\t<\/div>\n\t\t<div class=\"elementor-element elementor-element-7d0143e e-flex e-con-boxed e-con e-parent\" data-id=\"7d0143e\" data-element_type=\"container\">\n\t\t\t\t\t<div class=\"e-con-inner\">\n\t\t\t\t<div class=\"elementor-element elementor-element-54bcca9 elementor-widget elementor-widget-text-editor\" data-id=\"54bcca9\" data-element_type=\"widget\" data-widget_type=\"text-editor.default\">\n\t\t\t\t<div class=\"elementor-widget-container\">\n\t\t\t\t\t\t\t\t\t<h3>Nos principes p\u00e9dagogiques bas\u00e9s sur le programme officiel de la F\u00e9d\u00e9ration Wallonie-Bruxelles :<\/h3><div>\u00a0<\/div><ul><li>Conduire chaque enfant vers la ma\u00eetrise des savoirs et des savoir-faire fondamentaux en fran\u00e7ais (langage oral, lecture et \u00e9criture), math\u00e9matiques, \u00e9veil, n\u00e9erlandais<\/li><li>Pour ce faire, motiver les enfants et donner du sens aux apprentissages en les reliant au maximum \u00e0 des situations de vie, des manipulations et exp\u00e9rimentations<\/li><li>D\u00e9velopper la d\u00e9marche scientifique<\/li><li>Utiliser des approches laissant la place aux essais et erreurs<\/li><li>Permettre aux enfants de s\u2019\u00e9panouir au travers d\u2019activit\u00e9s artistiques, manuelles, musicales et sportives<\/li><li>Apprendre \u00e0 utiliser des outils num\u00e9riques<\/li><li>Organiser des sorties culturelles et dans la nature d\u00e8s la maternelle<\/li><li>Organiser des classes de d\u00e9paysement d\u00e8s la 1\u00e8re primaire<\/li><li>Accorder de l\u2019importance \u00e0 la sant\u00e9<br \/><br \/><\/li><\/ul>\t\t\t\t\t\t\t\t<\/div>\n\t\t\t\t<\/div>\n\t\t\t\t\t<\/div>\n\t\t\t\t<\/div>\n\t\t<div class=\"elementor-element elementor-element-586db38 e-flex e-con-boxed e-con e-parent\" data-id=\"586db38\" data-element_type=\"container\">\n\t\t\t\t\t<div class=\"e-con-inner\">\n\t\t\t\t<div class=\"elementor-element elementor-element-9a5b701 elementor-widget elementor-widget-text-editor\" data-id=\"9a5b701\" data-element_type=\"widget\" data-widget_type=\"text-editor.default\">\n\t\t\t\t<div class=\"elementor-widget-container\">\n\t\t\t\t\t\t\t\t\t<h3>Les Parents et le Projet \u00c9ducatif<\/h3><div>\u00a0<\/div><p>Les parents, eux aussi, s&rsquo;engagent \u00e0 respecter le projet \u00e9ducatif et les valeurs morales que l&rsquo;\u00e9cole leur propose.<\/p><p>Il va de soi que, en tant que parents, vous restez les premiers \u00e9ducateurs de vos enfants et que la r\u00e9alisation de ce projet n\u00e9cessite \u00e0 tout prix votre<\/p><p>collaboration et votre indispensable soutien. Pour ce faire, des contacts r\u00e9guliers et en fonction des besoins sont organis\u00e9s entre les parents et les enseignants.<\/p><p>Nous demandons aux parents de respecter les r\u00e8gles de vie qui sont valables pour leurs enfants (voir page xx) et de les stimuler afin qu&rsquo;ils les respectent.<\/p><p>Tout comme l&rsquo;\u00e9cole doit r\u00e9server un bon accueil \u00e0 l&rsquo;enfant, la famille montrera \u00e0\u00a0l&rsquo;enfant la confiance qu&rsquo;elle a en lui et en l\u2019\u00e9cole. Elle l&rsquo;accueillera au retour de l&rsquo;\u00e9cole, sera \u00e0 l&rsquo;\u00e9coute et aura une vue positive sur ses d\u00e9couvertes et ses r\u00e9sultats, ceci \u00e0 tous niveaux : le suivi des apprentissages, la stimulation et la motivation de l&rsquo;enfant, le soutien si n\u00e9cessaire.<\/p><p>Le journal de classe est un lien entre votre enfant et nous, et l\u2019enfant doit en \u00eatre conscient.<\/p><p>Enfin, l&rsquo;Association des Parents assure la participation des parents \u00e0 la vie de l&rsquo;\u00e9cole.<\/p><p>\u00a0<\/p>\t\t\t\t\t\t\t\t<\/div>\n\t\t\t\t<\/div>\n\t\t\t\t\t<\/div>\n\t\t\t\t<\/div>\n\t\t<div class=\"elementor-element elementor-element-b657600 e-flex e-con-boxed e-con e-parent\" data-id=\"b657600\" data-element_type=\"container\">\n\t\t\t\t\t<div class=\"e-con-inner\">\n\t\t\t\t<div class=\"elementor-element elementor-element-7dc52c0 elementor-widget elementor-widget-text-editor\" data-id=\"7dc52c0\" data-element_type=\"widget\" data-widget_type=\"text-editor.default\">\n\t\t\t\t<div class=\"elementor-widget-container\">\n\t\t\t\t\t\t\t\t\t<h3>Le Pouvoir Organisateur et le Projet \u00c9ducatif<br><br><\/h3>\n<p>Il appartient au Pouvoir Organisateur de mettre en oeuvre avec tous les moyens n\u00e9cessaires et possibles un projet p\u00e9dagogique n\u00e9goci\u00e9 et accept\u00e9 par toutes ses composantes.<\/p>\t\t\t\t\t\t\t\t<\/div>\n\t\t\t\t<\/div>\n\t\t\t\t\t<\/div>\n\t\t\t\t<\/div>\n\t\t<div class=\"elementor-element elementor-element-951f1b0 e-flex e-con-boxed e-con e-parent\" data-id=\"951f1b0\" data-element_type=\"container\">\n\t\t\t\t\t<div class=\"e-con-inner\">\n\t\t\t\t<div class=\"elementor-element elementor-element-3b50045 elementor-widget elementor-widget-text-editor\" data-id=\"3b50045\" data-element_type=\"widget\" data-widget_type=\"text-editor.default\">\n\t\t\t\t<div class=\"elementor-widget-container\">\n\t\t\t\t\t\t\t\t\t<p>\u00a0<\/p><p>\u00a0<\/p>\t\t\t\t\t\t\t\t<\/div>\n\t\t\t\t<\/div>\n\t\t\t\t\t<\/div>\n\t\t\t\t<\/div>\n\t\t\t\t<\/div>\n\t\t","protected":false},"excerpt":{"rendered":"<p>Projet \u00e9ducatif Les valeurs de notre projet \u00e9ducatif \u00a0 L\u2019\u00e9cole telle que nous la concevons : \u00a0 C\u2019est celle qui &hellip; <\/p>\n","protected":false},"author":1,"featured_media":0,"parent":0,"menu_order":0,"comment_status":"closed","ping_status":"closed","template":"elementor_header_footer","meta":{"footnotes":""},"class_list":["post-5737","page","type-page","status-publish","hentry","latest_post"],"_links":{"self":[{"href":"https:\/\/www.ecolelafermette.be\/index.php?rest_route=\/wp\/v2\/pages\/5737","targetHints":{"allow":["GET"]}}],"collection":[{"href":"https:\/\/www.ecolelafermette.be\/index.php?rest_route=\/wp\/v2\/pages"}],"about":[{"href":"https:\/\/www.ecolelafermette.be\/index.php?rest_route=\/wp\/v2\/types\/page"}],"author":[{"embeddable":true,"href":"https:\/\/www.ecolelafermette.be\/index.php?rest_route=\/wp\/v2\/users\/1"}],"replies":[{"embeddable":true,"href":"https:\/\/www.ecolelafermette.be\/index.php?rest_route=%2Fwp%2Fv2%2Fcomments&post=5737"}],"version-history":[{"count":38,"href":"https:\/\/www.ecolelafermette.be\/index.php?rest_route=\/wp\/v2\/pages\/5737\/revisions"}],"predecessor-version":[{"id":6500,"href":"https:\/\/www.ecolelafermette.be\/index.php?rest_route=\/wp\/v2\/pages\/5737\/revisions\/6500"}],"wp:attachment":[{"href":"https:\/\/www.ecolelafermette.be\/index.php?rest_route=%2Fwp%2Fv2%2Fmedia&parent=5737"}],"curies":[{"name":"wp","href":"https:\/\/api.w.org\/{rel}","templated":true}]}}