{"id":19,"date":"2022-08-29T06:26:19","date_gmt":"2022-08-29T06:26:19","guid":{"rendered":"https:\/\/lafermette.novatris.be\/?page_id=19"},"modified":"2025-06-03T10:03:36","modified_gmt":"2025-06-03T08:03:36","slug":"contact","status":"publish","type":"page","link":"https:\/\/www.ecolelafermette.be\/?page_id=19","title":{"rendered":"Contact"},"content":{"rendered":"\t\t<div data-elementor-type=\"wp-page\" data-elementor-id=\"19\" class=\"elementor elementor-19\">\n\t\t\t\t<div class=\"elementor-element elementor-element-072705a e-flex e-con-boxed e-con e-parent\" data-id=\"072705a\" data-element_type=\"container\">\n\t\t\t\t\t<div class=\"e-con-inner\">\n\t\t\t\t<div class=\"elementor-element elementor-element-2db6f2b elementor-widget elementor-widget-heading\" data-id=\"2db6f2b\" data-element_type=\"widget\" data-widget_type=\"heading.default\">\n\t\t\t\t<div class=\"elementor-widget-container\">\n\t\t\t\t\t<h2 class=\"elementor-heading-title elementor-size-default\">Contactez-nous<\/h2>\t\t\t\t<\/div>\n\t\t\t\t<\/div>\n\t\t\t\t<div class=\"elementor-element elementor-element-52dd648 elementor-widget elementor-widget-text-editor\" data-id=\"52dd648\" data-element_type=\"widget\" data-widget_type=\"text-editor.default\">\n\t\t\t\t<div class=\"elementor-widget-container\">\n\t\t\t\t\t\t\t\t\t<p>N&rsquo;h\u00e9sitez pas \u00e0 prendre contact avec nous si vous avez la moindre question.<\/p><p>Voici nos coordonn\u00e9es:<\/p>\t\t\t\t\t\t\t\t<\/div>\n\t\t\t\t<\/div>\n\t\t\t\t\t<\/div>\n\t\t\t\t<\/div>\n\t\t\t\t<section class=\"elementor-section elementor-top-section elementor-element elementor-element-2a9d270 elementor-section-height-min-height elementor-section-items-top elementor-section-content-top elementor-section-boxed elementor-section-height-default\" data-id=\"2a9d270\" data-element_type=\"section\" data-settings=\"{&quot;background_background&quot;:&quot;classic&quot;}\">\n\t\t\t\t\t\t<div class=\"elementor-container elementor-column-gap-default\">\n\t\t\t\t\t<div class=\"elementor-column elementor-col-50 elementor-top-column elementor-element elementor-element-896f759\" data-id=\"896f759\" data-element_type=\"column\">\n\t\t\t<div class=\"elementor-widget-wrap elementor-element-populated\">\n\t\t\t\t\t\t<div class=\"elementor-element elementor-element-6bf6060 elementor-widget__width-initial elementor-align-left elementor-widget-mobile__width-inherit elementor-list-item-link-inline elementor-widget elementor-widget-icon-list\" data-id=\"6bf6060\" data-element_type=\"widget\" data-widget_type=\"icon-list.default\">\n\t\t\t\t<div class=\"elementor-widget-container\">\n\t\t\t\t\t\t\t<ul class=\"elementor-icon-list-items\">\n\t\t\t\t\t\t\t<li class=\"elementor-icon-list-item\">\n\t\t\t\t\t\t\t\t\t\t\t<a href=\"#\">\n\n\t\t\t\t\t\t\t\t\t\t\t\t<span class=\"elementor-icon-list-icon\">\n\t\t\t\t\t\t\t<svg xmlns=\"http:\/\/www.w3.org\/2000\/svg\" width=\"32\" height=\"32\" viewBox=\"0 0 32 32\" fill=\"none\"><circle cx=\"16\" cy=\"16\" r=\"16\" fill=\"currentColor\" fill-opacity=\"0.2\"><\/circle><path fill-rule=\"evenodd\" clip-rule=\"evenodd\" d=\"M10 14.8224C10 11.6025 12.6722 9 15.9046 9C19.146 9 21.8183 11.6025 21.8183 14.8224C21.8183 16.445 21.2322 17.9513 20.2676 19.2281C19.2035 20.6365 17.8919 21.8635 16.4156 22.8267C16.0777 23.0493 15.7728 23.0661 15.402 22.8267C13.9172 21.8635 12.6056 20.6365 11.5506 19.2281C10.5853 17.9513 10 16.445 10 14.8224ZM13.9586 15.0036C13.9586 16.0823 14.8328 16.9306 15.9046 16.9306C16.9771 16.9306 17.8597 16.0823 17.8597 15.0036C17.8597 13.9333 16.9771 13.0437 15.9046 13.0437C14.8328 13.0437 13.9586 13.9333 13.9586 15.0036Z\" fill=\"currentColor\"><\/path><\/svg>\t\t\t\t\t\t<\/span>\n\t\t\t\t\t\t\t\t\t\t<span class=\"elementor-icon-list-text\">Chemin au Bois 9 <br>1970 Wezembeek-Oppem<\/span>\n\t\t\t\t\t\t\t\t\t\t\t<\/a>\n\t\t\t\t\t\t\t\t\t<\/li>\n\t\t\t\t\t\t\t\t<li class=\"elementor-icon-list-item\">\n\t\t\t\t\t\t\t\t\t\t\t<a href=\"#\">\n\n\t\t\t\t\t\t\t\t\t\t\t\t<span class=\"elementor-icon-list-icon\">\n\t\t\t\t\t\t\t<svg xmlns=\"http:\/\/www.w3.org\/2000\/svg\" width=\"32\" height=\"32\" viewBox=\"0 0 32 32\" fill=\"none\"><circle cx=\"16\" cy=\"16\" r=\"16\" fill=\"currentColor\" fill-opacity=\"0.2\"><\/circle><path fill-rule=\"evenodd\" clip-rule=\"evenodd\" d=\"M15.6061 17.2327C18.0821 19.7252 18.6438 16.8417 20.2203 18.428C21.7402 19.958 22.6138 20.2645 20.6881 22.203C20.4469 22.3981 18.9144 24.7464 13.5285 19.3248C8.14193 13.9025 10.4727 12.3578 10.6666 12.115C12.597 10.1712 12.8961 11.0559 14.416 12.5858C15.9925 14.1728 13.13 14.7403 15.6061 17.2327Z\" fill=\"currentColor\"><\/path><\/svg>\t\t\t\t\t\t<\/span>\n\t\t\t\t\t\t\t\t\t\t<span class=\"elementor-icon-list-text\">+32 2 731 74 86<\/span>\n\t\t\t\t\t\t\t\t\t\t\t<\/a>\n\t\t\t\t\t\t\t\t\t<\/li>\n\t\t\t\t\t\t\t\t<li class=\"elementor-icon-list-item\">\n\t\t\t\t\t\t\t\t\t\t\t<a href=\"#\">\n\n\t\t\t\t\t\t\t\t\t\t\t\t<span class=\"elementor-icon-list-icon\">\n\t\t\t\t\t\t\t<svg xmlns=\"http:\/\/www.w3.org\/2000\/svg\" width=\"32\" height=\"32\" viewBox=\"0 0 32 32\" fill=\"none\"><circle cx=\"16\" cy=\"16\" r=\"16\" fill=\"currentColor\" fill-opacity=\"0.2\"><\/circle><path fill-rule=\"evenodd\" clip-rule=\"evenodd\" d=\"M19.2727 11C20.1051 11 20.9058 11.3312 21.4949 11.9256C22.0846 12.5187 22.4141 13.3188 22.4141 14.1562V19.0938C22.4141 20.8375 21.0051 22.25 19.2727 22.25H13.1408C11.4084 22.25 10 20.8375 10 19.0938V14.1562C10 12.4125 11.4022 11 13.1408 11H19.2727ZM20.2603 15.0877L20.3099 15.0377C20.4583 14.8565 20.4583 14.594 20.3031 14.4127C20.2168 14.3196 20.0982 14.2627 19.9747 14.2502C19.8444 14.2433 19.7202 14.2877 19.6265 14.3752L16.8277 16.6252C16.4677 16.9258 15.9519 16.9258 15.5863 16.6252L12.7931 14.3752C12.6001 14.2315 12.3332 14.2502 12.1724 14.419C12.0048 14.5877 11.9862 14.8565 12.1284 15.044L12.2097 15.1252L15.0339 17.344C15.3815 17.619 15.803 17.769 16.2443 17.769C16.6844 17.769 17.1133 17.619 17.4602 17.344L20.2603 15.0877Z\" fill=\"currentColor\"><\/path><\/svg>\t\t\t\t\t\t<\/span>\n\t\t\t\t\t\t\t\t\t\t<span class=\"elementor-icon-list-text\">secretariat@ecolelafermette.be<\/span>\n\t\t\t\t\t\t\t\t\t\t\t<\/a>\n\t\t\t\t\t\t\t\t\t<\/li>\n\t\t\t\t\t\t<\/ul>\n\t\t\t\t\t\t<\/div>\n\t\t\t\t<\/div>\n\t\t\t\t\t<\/div>\n\t\t<\/div>\n\t\t\t\t<div class=\"elementor-column elementor-col-50 elementor-top-column elementor-element elementor-element-6aeb8bc elementor-invisible\" data-id=\"6aeb8bc\" data-element_type=\"column\" data-settings=\"{&quot;animation&quot;:&quot;fadeIn&quot;}\">\n\t\t\t<div class=\"elementor-widget-wrap elementor-element-populated\">\n\t\t\t\t\t\t<div class=\"elementor-element elementor-element-cd14d36 elementor-widget elementor-widget-google_maps\" data-id=\"cd14d36\" data-element_type=\"widget\" data-widget_type=\"google_maps.default\">\n\t\t\t\t<div class=\"elementor-widget-container\">\n\t\t\t\t\t\t\t<div class=\"elementor-custom-embed\">\n\t\t\t<iframe loading=\"lazy\"\n\t\t\t\t\tsrc=\"https:\/\/maps.google.com\/maps?q=ecole%20la%20fermette%20wezembeek-Oppem&#038;t=m&#038;z=14&#038;output=embed&#038;iwloc=near\"\n\t\t\t\t\ttitle=\"ecole la fermette wezembeek-Oppem\"\n\t\t\t\t\taria-label=\"ecole la fermette wezembeek-Oppem\"\n\t\t\t><\/iframe>\n\t\t<\/div>\n\t\t\t\t\t\t<\/div>\n\t\t\t\t<\/div>\n\t\t\t\t\t<\/div>\n\t\t<\/div>\n\t\t\t\t\t<\/div>\n\t\t<\/section>\n\t\t\t\t<\/div>\n\t\t","protected":false},"excerpt":{"rendered":"<p>Contactez-nous N&rsquo;h\u00e9sitez pas \u00e0 prendre contact avec nous si vous avez la moindre question. Voici nos coordonn\u00e9es: Chemin au Bois &hellip; <\/p>\n","protected":false},"author":1,"featured_media":0,"parent":0,"menu_order":0,"comment_status":"closed","ping_status":"closed","template":"elementor_header_footer","meta":{"footnotes":""},"class_list":["post-19","page","type-page","status-publish","hentry","latest_post"],"_links":{"self":[{"href":"https:\/\/www.ecolelafermette.be\/index.php?rest_route=\/wp\/v2\/pages\/19","targetHints":{"allow":["GET"]}}],"collection":[{"href":"https:\/\/www.ecolelafermette.be\/index.php?rest_route=\/wp\/v2\/pages"}],"about":[{"href":"https:\/\/www.ecolelafermette.be\/index.php?rest_route=\/wp\/v2\/types\/page"}],"author":[{"embeddable":true,"href":"https:\/\/www.ecolelafermette.be\/index.php?rest_route=\/wp\/v2\/users\/1"}],"replies":[{"embeddable":true,"href":"https:\/\/www.ecolelafermette.be\/index.php?rest_route=%2Fwp%2Fv2%2Fcomments&post=19"}],"version-history":[{"count":78,"href":"https:\/\/www.ecolelafermette.be\/index.php?rest_route=\/wp\/v2\/pages\/19\/revisions"}],"predecessor-version":[{"id":7046,"href":"https:\/\/www.ecolelafermette.be\/index.php?rest_route=\/wp\/v2\/pages\/19\/revisions\/7046"}],"wp:attachment":[{"href":"https:\/\/www.ecolelafermette.be\/index.php?rest_route=%2Fwp%2Fv2%2Fmedia&parent=19"}],"curies":[{"name":"wp","href":"https:\/\/api.w.org\/{rel}","templated":true}]}}